{"id":667,"date":"2018-01-24T13:54:39","date_gmt":"2018-01-24T12:54:39","guid":{"rendered":"https:\/\/sno-go.ch\/prodotto\/sno-go-snow-bike\/"},"modified":"2022-01-04T11:08:12","modified_gmt":"2022-01-04T10:08:12","slug":"sno-go-snow-bike","status":"publish","type":"product","link":"https:\/\/sno-go.ch\/fr\/prodotto\/sno-go-snow-bike\/","title":{"rendered":"Sno-Go"},"content":{"rendered":"<p><span style=\"color: #ff0000;\"><strong>Attention: produit \u00e9puis\u00e9 jusqu&rsquo;\u00e0 nouvel ordre.<\/strong><\/span><\/p>\n<ul>\n<li><strong>Description<\/strong>: ch\u00e2ssis en aluminium de haute qualit\u00e9 soud\u00e9 et boulonn\u00e9 &#8211; Ski avant mont\u00e9 sur fourche \u00e0 r\u00e9glage m\u00e9canique &#8211; 1 ski avant longueur 75\u00a0cm mont\u00e9 sur ressort antichoc &#8211; ski sp\u00e9cifique profil\u00e9 pour faciliter la prise des virages, 2 skis arri\u00e8re longueur 90\u00a0cm profil\u00e9s, mont\u00e9s sur un syst\u00e8me de leviers qui permettent une utilisation sur des terrains transversaux, support sp\u00e9cifique antid\u00e9rapant garantissant l\u2019appui optimal de la chaussure, un support en aluminium r\u00e9glable permet de soulever le ski sans perdre le contact avec le ski &#8211; d\u00e9montable pour le transport en voiture \u2013 dimensions\u00a0: largeur 68\u00a0cm (26.77 PO), longueur 169,7\u00a0cm (66.81 PO), hauteur 84,50\u00a0cm (33.26 PO), hauteur si\u00e8ge sup\u00e9rieur \u00e0 60\u00a0cm (23.62PO) &#8211; Poids 16,00\u00a0kg &#8211; instructions de montage \u2013 Couleur\u00a0: gris m\u00e9tallis\u00e9 &#8211; Fourni emball\u00e9 dans un carton aux dimensions suivantes\u00a0: 110 x 57 x 25\u00a0cm &#8211; Poids emballage 21,70\u00a0kg \u2013 Garantie\u00a0: 1\u00a0an &#8211; <a href=\"https:\/\/www.youtube.com\/watch?v=GEwwJGgR7i8\">https:\/\/www.youtube.com\/watch?v=GEwwJGgR7i8<\/a><\/li>\n<li><strong>Couleur<\/strong>: gris<\/li>\n<\/ul>\n","protected":false},"excerpt":{"rendered":"<div class=\"short-description\">\n<div class=\"std\"><span style=\"color: #ff0000;\"><strong>Attention: produit \u00e9puis\u00e9 jusqu&rsquo;\u00e0 nouvel ordre.<\/strong><\/span><\/div>\n<\/div>\n","protected":false},"featured_media":412,"template":"","meta":{"_et_pb_use_builder":"","_et_pb_old_content":"","_et_gb_content_width":""},"product_cat":[34],"product_tag":[],"_links":{"self":[{"href":"https:\/\/sno-go.ch\/fr\/wp-json\/wp\/v2\/product\/667"}],"collection":[{"href":"https:\/\/sno-go.ch\/fr\/wp-json\/wp\/v2\/product"}],"about":[{"href":"https:\/\/sno-go.ch\/fr\/wp-json\/wp\/v2\/types\/product"}],"wp:featuredmedia":[{"embeddable":true,"href":"https:\/\/sno-go.ch\/fr\/wp-json\/wp\/v2\/media\/412"}],"wp:attachment":[{"href":"https:\/\/sno-go.ch\/fr\/wp-json\/wp\/v2\/media?parent=667"}],"wp:term":[{"taxonomy":"product_cat","embeddable":true,"href":"https:\/\/sno-go.ch\/fr\/wp-json\/wp\/v2\/product_cat?post=667"},{"taxonomy":"product_tag","embeddable":true,"href":"https:\/\/sno-go.ch\/fr\/wp-json\/wp\/v2\/product_tag?post=667"}],"curies":[{"name":"wp","href":"https:\/\/api.w.org\/{rel}","templated":true}]}}