{"id":577,"date":"2018-01-12T15:34:00","date_gmt":"2018-01-12T14:34:00","guid":{"rendered":"https:\/\/sno-go.ch\/video\/"},"modified":"2018-01-24T16:25:20","modified_gmt":"2018-01-24T15:25:20","slug":"videos","status":"publish","type":"page","link":"https:\/\/sno-go.ch\/fr\/videos\/","title":{"rendered":"Vid\u00e9os"},"content":{"rendered":"<p>[et_pb_section bb_built=\u00a0\u00bb1&Prime; _builder_version=\u00a0\u00bb3.0.95&Prime; background_image=\u00a0\u00bbhttp:\/\/sno-go.ch\/wp-content\/uploads\/2018\/01\/Sno-Go_BrandBook_2-1.jpg\u00a0\u00bb][et_pb_row _builder_version=\u00a0\u00bb3.0.95&Prime; custom_padding=\u00a0\u00bb||0px|\u00a0\u00bb][et_pb_column type=\u00a0\u00bb4_4&Prime;][et_pb_text _builder_version=\u00a0\u00bb3.0.97&Prime; background_layout=\u00a0\u00bblight\u00a0\u00bb header_font=\u00a0\u00bb|||on|||||\u00a0\u00bb header_font_size=\u00a0\u00bb50px\u00a0\u00bb header_2_font=\u00a0\u00bb|||on|||||\u00a0\u00bb header_text_color=\u00a0\u00bb#ffffff\u00a0\u00bb custom_padding=\u00a0\u00bb||0px|\u00a0\u00bb]<\/p>\n<h1 class=\"header-red\">Vid\u00e9os<\/h1>\n<h2 class=\"header-yellow\">Vous trouverez ci-dessous plusieurs vid\u00e9os, sous-titr\u00e9es en italien, consacr\u00e9es \u00e0 Sno-Go<\/h2>\n<p>[\/et_pb_text][\/et_pb_column][\/et_pb_row][\/et_pb_section][et_pb_section bb_built=\u00a0\u00bb1&Prime; fullwidth=\u00a0\u00bboff\u00a0\u00bb specialty=\u00a0\u00bboff\u00a0\u00bb _builder_version=\u00a0\u00bb3.0.95&Prime; module_class=\u00a0\u00bbdiagonal-shadow\u00a0\u00bb][et_pb_row _builder_version=\u00a0\u00bb3.0.95&Prime; custom_padding=\u00a0\u00bb0px|||\u00a0\u00bb][et_pb_column type=\u00a0\u00bb4_4&Prime;][et_pb_text _builder_version=\u00a0\u00bb3.0.97&Prime; background_layout=\u00a0\u00bblight\u00a0\u00bb custom_margin=\u00a0\u00bb0px|||\u00a0\u00bb custom_padding=\u00a0\u00bb0px|||\u00a0\u00bb text_font=\u00a0\u00bb|300|||||||\u00a0\u00bb text_font_size=\u00a0\u00bb18px\u00a0\u00bb header_2_font=\u00a0\u00bb|800||on|||||\u00a0\u00bb header_2_text_align=\u00a0\u00bbcenter\u00a0\u00bb]<\/p>\n<h2 style=\"text-align: center;\">Tutoriel<\/h2>\n<p style=\"text-align: center;\">quelques \u00e9tapes faciles \u00e0 suivre et Sno-Go n\u2019aura plus aucun secret pour vous : la corde de s\u00e9curit\u00e9 et le crochet, l\u2019articulation des mouvements, comment prendre le t\u00e9l\u00e9si\u00e8ge, tourner et freiner, les erreurs les plus fr\u00e9quentes.<\/p>\n<p>[\/et_pb_text][et_pb_video _builder_version=\u00a0\u00bb3.0.97&Prime; image_src=\u00a0\u00bbhttp:\/\/sno-go.ch\/wp-content\/uploads\/2018\/01\/preview-3.jpg\u00a0\u00bb src=\u00a0\u00bbhttp:\/\/sno-go.ch\/wp-content\/uploads\/video\/tutorial-fr.mp4&Prime; play_icon_color=\u00a0\u00bb#ff0000&Prime; src_webm=\u00a0\u00bbhttp:\/\/sno-go.ch\/wp-content\/uploads\/video\/tutorial-fr.webm\u00a0\u00bb \/][\/et_pb_column][\/et_pb_row][\/et_pb_section][et_pb_section bb_built=\u00a0\u00bb1&Prime; fullwidth=\u00a0\u00bboff\u00a0\u00bb specialty=\u00a0\u00bboff\u00a0\u00bb _builder_version=\u00a0\u00bb3.0.95&Prime; background_image=\u00a0\u00bbhttp:\/\/sno-go.ch\/wp-content\/uploads\/2018\/01\/background.jpg\u00a0\u00bb parallax=\u00a0\u00bbon\u00a0\u00bb parallax_method=\u00a0\u00bboff\u00a0\u00bb][et_pb_row _builder_version=\u00a0\u00bb3.0.95&Prime; make_equal=\u00a0\u00bbon\u00a0\u00bb module_class_1=\u00a0\u00bbvertical-align\u00a0\u00bb module_class_2=\u00a0\u00bbvertical-align\u00a0\u00bb][et_pb_column type=\u00a0\u00bb1_3&Prime;][et_pb_text _builder_version=\u00a0\u00bb3.0.97&Prime; background_layout=\u00a0\u00bbdark\u00a0\u00bb text_font_size=\u00a0\u00bb20px\u00a0\u00bb header_2_font=\u00a0\u00bb|||on|||||\u00a0\u00bb header_2_font_size=\u00a0\u00bb28px\u00a0\u00bb header_font_size=\u00a0\u00bb32px\u00a0\u00bb background_color=\u00a0\u00bb#ff0000&Prime; header_text_color=\u00a0\u00bb#ffffff\u00a0\u00bb header_2_text_color=\u00a0\u00bb#ffffff\u00a0\u00bb custom_padding=\u00a0\u00bb1em|1em|1em|1em\u00a0\u00bb text_font=\u00a0\u00bb|300|||||||\u00a0\u00bb]<\/p>\n<h2>Nate et sa s\u0153ur<\/h2>\n<p>Nate se demande \u00ab Pourquoi est-ce que ma s\u0153ur doit se contenter de regarder les autres s\u2019amuser ? \u00bb Avec Sno-Go, la neige devient un vrai plaisir pour tous!<\/p>\n<p>[\/et_pb_text][\/et_pb_column][et_pb_column type=\u00a0\u00bb2_3&Prime;][et_pb_video _builder_version=\u00a0\u00bb3.0.97&Prime; image_src=\u00a0\u00bbhttp:\/\/sno-go.ch\/wp-content\/uploads\/2018\/01\/preview-1-1.jpg\u00a0\u00bb src=\u00a0\u00bbhttp:\/\/sno-go.ch\/wp-content\/uploads\/video\/sorella-fr.mp4&Prime; play_icon_color=\u00a0\u00bb#ff0000&Prime; src_webm=\u00a0\u00bbhttp:\/\/sno-go.ch\/wp-content\/uploads\/video\/sorella-fr.webm\u00a0\u00bb \/][\/et_pb_column][\/et_pb_row][\/et_pb_section][et_pb_section bb_built=\u00a0\u00bb1&Prime; fullwidth=\u00a0\u00bboff\u00a0\u00bb specialty=\u00a0\u00bboff\u00a0\u00bb][et_pb_row _builder_version=\u00a0\u00bb3.0.95&Prime; make_equal=\u00a0\u00bbon\u00a0\u00bb module_class_1=\u00a0\u00bbvertical-align\u00a0\u00bb module_class_2=\u00a0\u00bbvertical-align\u00a0\u00bb][et_pb_column type=\u00a0\u00bb2_3&Prime;][et_pb_video _builder_version=\u00a0\u00bb3.0.97&Prime; image_src=\u00a0\u00bbhttp:\/\/sno-go.ch\/wp-content\/uploads\/2018\/01\/preview-2.jpg\u00a0\u00bb src=\u00a0\u00bbhttp:\/\/sno-go.ch\/wp-content\/uploads\/video\/niceeasy-fr.mp4&Prime; play_icon_color=\u00a0\u00bb#ff0000&Prime; src_webm=\u00a0\u00bbhttp:\/\/sno-go.ch\/wp-content\/uploads\/video\/niceeasy-fr.webm\u00a0\u00bb \/][\/et_pb_column][et_pb_column type=\u00a0\u00bb1_3&Prime;][et_pb_text _builder_version=\u00a0\u00bb3.0.97&Prime; background_layout=\u00a0\u00bblight\u00a0\u00bb text_font_size=\u00a0\u00bb20px\u00a0\u00bb header_2_font=\u00a0\u00bb|||on|||||\u00a0\u00bb header_2_font_size=\u00a0\u00bb28px\u00a0\u00bb header_font_size=\u00a0\u00bb32px\u00a0\u00bb text_font=\u00a0\u00bb|300|||||||\u00a0\u00bb]<\/p>\n<h2>Facile et amusant <\/h2>\n<p>Lui: \u00ab J\u2019ai 55 ans, cela fait 40 ans que je n\u2019ai pas ski\u00e9, mais avec Sno-Go je suis tr\u00e8s \u00e0 l\u2019aise \u00bb. Elle : \u00ab Vous pouvez aller \u00e0 n\u2019importe quelle vitesse, c\u2019est vous qui d\u00e9cidez\u00bb.<\/p>\n<p>[\/et_pb_text][\/et_pb_column][\/et_pb_row][\/et_pb_section][et_pb_section bb_built=\u00a0\u00bb1&Prime; fullwidth=\u00a0\u00bboff\u00a0\u00bb specialty=\u00a0\u00bboff\u00a0\u00bb _builder_version=\u00a0\u00bb3.0.95&Prime; background_image=\u00a0\u00bbhttp:\/\/sno-go.ch\/wp-content\/uploads\/2018\/01\/background.jpg\u00a0\u00bb parallax=\u00a0\u00bbon\u00a0\u00bb parallax_method=\u00a0\u00bboff\u00a0\u00bb][et_pb_row _builder_version=\u00a0\u00bb3.0.95&Prime; make_equal=\u00a0\u00bbon\u00a0\u00bb module_class_1=\u00a0\u00bbvertical-align\u00a0\u00bb module_class_2=\u00a0\u00bbvertical-align\u00a0\u00bb][et_pb_column type=\u00a0\u00bb1_3&Prime;][et_pb_text _builder_version=\u00a0\u00bb3.0.97&Prime; background_layout=\u00a0\u00bbdark\u00a0\u00bb text_font_size=\u00a0\u00bb20px\u00a0\u00bb header_2_font=\u00a0\u00bb|||on|||||\u00a0\u00bb header_2_font_size=\u00a0\u00bb28px\u00a0\u00bb header_font_size=\u00a0\u00bb32px\u00a0\u00bb background_color=\u00a0\u00bb#ff0000&Prime; header_text_color=\u00a0\u00bb#ffffff\u00a0\u00bb header_2_text_color=\u00a0\u00bb#ffffff\u00a0\u00bb custom_padding=\u00a0\u00bb1em|1em|1em|1em\u00a0\u00bb text_font=\u00a0\u00bb|300|||||||\u00a0\u00bb]<\/p>\n<h2>THE PERFECT STORM<\/h2>\n<p style=\"text-align: left;\">Le temps fort d\u2019une grande aventure avec Sno-Go!<\/p>\n<p>[\/et_pb_text][\/et_pb_column][et_pb_column type=\u00a0\u00bb2_3&Prime;][et_pb_video _builder_version=\u00a0\u00bb3.0.97&Prime; image_src=\u00a0\u00bbhttp:\/\/sno-go.ch\/wp-content\/uploads\/2018\/01\/preview-4.jpg\u00a0\u00bb src=\u00a0\u00bbhttp:\/\/sno-go.ch\/wp-content\/uploads\/video\/perfect-storm.mp4&Prime; play_icon_color=\u00a0\u00bb#ff0000&Prime; custom_margin=\u00a0\u00bb||0px|\u00a0\u00bb src_webm=\u00a0\u00bbhttp:\/\/sno-go.ch\/wp-content\/uploads\/video\/perfect-storm.webm\u00a0\u00bb \/][\/et_pb_column][\/et_pb_row][\/et_pb_section][et_pb_section bb_built=\u00a0\u00bb1&Prime; fullwidth=\u00a0\u00bboff\u00a0\u00bb specialty=\u00a0\u00bboff\u00a0\u00bb][et_pb_row _builder_version=\u00a0\u00bb3.0.95&Prime; make_equal=\u00a0\u00bbon\u00a0\u00bb module_class_1=\u00a0\u00bbvertical-align\u00a0\u00bb module_class_2=\u00a0\u00bbvertical-align\u00a0\u00bb][et_pb_column type=\u00a0\u00bb2_3&Prime;][et_pb_video _builder_version=\u00a0\u00bb3.0.97&Prime; image_src=\u00a0\u00bbhttp:\/\/sno-go.ch\/wp-content\/uploads\/2018\/01\/preview-5.jpg\u00a0\u00bb src=\u00a0\u00bbhttp:\/\/sno-go.ch\/wp-content\/uploads\/video\/riding-solo.mp4&Prime; play_icon_color=\u00a0\u00bb#ff0000&Prime; custom_margin=\u00a0\u00bb||0px|\u00a0\u00bb src_webm=\u00a0\u00bbhttp:\/\/sno-go.ch\/wp-content\/uploads\/video\/riding-solo.webm\u00a0\u00bb \/][\/et_pb_column][et_pb_column type=\u00a0\u00bb1_3&Prime;][et_pb_text _builder_version=\u00a0\u00bb3.0.97&Prime; background_layout=\u00a0\u00bblight\u00a0\u00bb custom_padding=\u00a0\u00bb10px||10px|\u00a0\u00bb text_font_size=\u00a0\u00bb20px\u00a0\u00bb text_font=\u00a0\u00bb|300|||||||\u00a0\u00bb]<\/p>\n<h2 style=\"text-align: left;\">RIDING SOLO<\/h2>\n<p style=\"text-align: left;\">Pour les amoureux de la technique, une descente entre les arbres de la montagne!<\/p>\n<p>[\/et_pb_text][\/et_pb_column][\/et_pb_row][\/et_pb_section]<\/p>\n","protected":false},"excerpt":{"rendered":"<p>Vid\u00e9os Vous trouverez ci-dessous plusieurs vid\u00e9os, sous-titr\u00e9es en italien, consacr\u00e9es \u00e0 Sno-Go Tutoriel quelques \u00e9tapes faciles \u00e0 suivre et Sno-Go n\u2019aura plus aucun secret pour vous : la corde de s\u00e9curit\u00e9 et le crochet, l\u2019articulation des mouvements, comment prendre le t\u00e9l\u00e9si\u00e8ge, tourner et freiner, les erreurs les plus fr\u00e9quentes. Nate et sa s\u0153ur Nate se [&hellip;]<\/p>\n","protected":false},"author":1,"featured_media":0,"parent":0,"menu_order":0,"comment_status":"closed","ping_status":"closed","template":"","meta":{"_et_pb_use_builder":"on","_et_pb_old_content":"","_et_gb_content_width":"","footnotes":""},"_links":{"self":[{"href":"https:\/\/sno-go.ch\/fr\/wp-json\/wp\/v2\/pages\/577"}],"collection":[{"href":"https:\/\/sno-go.ch\/fr\/wp-json\/wp\/v2\/pages"}],"about":[{"href":"https:\/\/sno-go.ch\/fr\/wp-json\/wp\/v2\/types\/page"}],"author":[{"embeddable":true,"href":"https:\/\/sno-go.ch\/fr\/wp-json\/wp\/v2\/users\/1"}],"replies":[{"embeddable":true,"href":"https:\/\/sno-go.ch\/fr\/wp-json\/wp\/v2\/comments?post=577"}],"version-history":[{"count":3,"href":"https:\/\/sno-go.ch\/fr\/wp-json\/wp\/v2\/pages\/577\/revisions"}],"predecessor-version":[{"id":580,"href":"https:\/\/sno-go.ch\/fr\/wp-json\/wp\/v2\/pages\/577\/revisions\/580"}],"wp:attachment":[{"href":"https:\/\/sno-go.ch\/fr\/wp-json\/wp\/v2\/media?parent=577"}],"curies":[{"name":"wp","href":"https:\/\/api.w.org\/{rel}","templated":true}]}}