{"id":564,"date":"2018-01-12T15:05:13","date_gmt":"2018-01-12T14:05:13","guid":{"rendered":"https:\/\/sno-go.ch\/noleggio\/"},"modified":"2020-11-10T09:01:29","modified_gmt":"2020-11-10T08:01:29","slug":"location","status":"publish","type":"page","link":"https:\/\/sno-go.ch\/fr\/location\/","title":{"rendered":"Location"},"content":{"rendered":"<p>[et_pb_section fb_built=\u00a0\u00bb1&Prime; _builder_version=\u00a0\u00bb3.0.95&Prime; background_image=\u00a0\u00bbhttp:\/\/sno-go.ch\/wp-content\/uploads\/2018\/01\/Sno-Go_BrandBook_2-1.jpg\u00a0\u00bb][et_pb_row custom_padding=\u00a0\u00bb||0px|\u00a0\u00bb _builder_version=\u00a0\u00bb3.0.95&Prime;][et_pb_column type=\u00a0\u00bb4_4&Prime; _builder_version=\u00a0\u00bb3.0.47&Prime; parallax=\u00a0\u00bboff\u00a0\u00bb parallax_method=\u00a0\u00bbon\u00a0\u00bb][et_pb_text _builder_version=\u00a0\u00bb3.0.97&Prime; header_font=\u00a0\u00bb|||on|||||\u00a0\u00bb header_text_color=\u00a0\u00bb#ffffff\u00a0\u00bb header_font_size=\u00a0\u00bb48px\u00a0\u00bb header_2_font=\u00a0\u00bb|||on|||||\u00a0\u00bb custom_padding=\u00a0\u00bb||0px|\u00a0\u00bb]<\/p>\n<h1 class=\"header-red\">Location<\/h1>\n<p>[\/et_pb_text][\/et_pb_column][\/et_pb_row][\/et_pb_section][et_pb_section fb_built=\u00a0\u00bb1&Prime; module_class=\u00a0\u00bbdiagonal-shadow\u00a0\u00bb _builder_version=\u00a0\u00bb3.0.95&Prime;][et_pb_row custom_padding=\u00a0\u00bb0px|||\u00a0\u00bb make_equal=\u00a0\u00bbon\u00a0\u00bb module_class_1=\u00a0\u00bbvertical-align\u00a0\u00bb module_class_2=\u00a0\u00bbvertical-align\u00a0\u00bb _builder_version=\u00a0\u00bb3.0.95&Prime;][et_pb_column type=\u00a0\u00bb1_2&Prime; _builder_version=\u00a0\u00bb3.0.47&Prime; parallax=\u00a0\u00bboff\u00a0\u00bb parallax_method=\u00a0\u00bbon\u00a0\u00bb module_class=\u00a0\u00bbvertical-align\u00a0\u00bb][et_pb_text _builder_version=\u00a0\u00bb3.0.97&Prime; text_font=\u00a0\u00bb|300|||||||\u00a0\u00bb text_font_size=\u00a0\u00bb18px\u00a0\u00bb custom_margin=\u00a0\u00bb0px|||\u00a0\u00bb custom_padding=\u00a0\u00bb0px|||\u00a0\u00bb]<\/p>\n<h2>Il est possible de louer un Sno-Go aupr\u00e8s de notre si\u00e8ge de Biasca \u00e0 des tarifs tr\u00e8s int\u00e9ressants.<\/h2>\n<p>Voici les tarifs valables pour l\u2019hiver 2020\/21:<\/p>\n<ul>\n<li>\u00bd journ\u00e9e: 30,00 CHF<\/li>\n<li>1 jour: 45,00 CHF<\/li>\n<li>2 jours: CHF 80.00<\/li>\n<li>3 jours: CHF 115.00<\/li>\n<li>4 jours: CHF 150.00<\/li>\n<li>5 jours: CHF 180.00<\/li>\n<li>6 jours: CHF 210.00<\/li>\n<li>Une semaine: CHF 240.00<\/li>\n<\/ul>\n<p>[\/et_pb_text][\/et_pb_column][et_pb_column type=\u00a0\u00bb1_2&Prime; _builder_version=\u00a0\u00bb3.0.47&Prime; parallax=\u00a0\u00bboff\u00a0\u00bb parallax_method=\u00a0\u00bbon\u00a0\u00bb module_class=\u00a0\u00bbvertical-align\u00a0\u00bb][et_pb_image src=\u00a0\u00bbhttp:\/\/sno-go.ch\/wp-content\/uploads\/2018\/01\/Sno-Go_-Background-1-1-1.jpg\u00a0\u00bb _builder_version=\u00a0\u00bb3.0.95&Prime;][\/et_pb_image][\/et_pb_column][\/et_pb_row][\/et_pb_section][et_pb_section fb_built=\u00a0\u00bb1&Prime; _builder_version=\u00a0\u00bb3.0.95&Prime; background_image=\u00a0\u00bbhttp:\/\/sno-go.ch\/wp-content\/uploads\/2018\/01\/Sno-Go_BrandBook_2-1.jpg\u00a0\u00bb parallax=\u00a0\u00bbon\u00a0\u00bb parallax_method=\u00a0\u00bboff\u00a0\u00bb][et_pb_row _builder_version=\u00a0\u00bb3.0.47&Prime; background_size=\u00a0\u00bbinitial\u00a0\u00bb background_position=\u00a0\u00bbtop_left\u00a0\u00bb background_repeat=\u00a0\u00bbrepeat\u00a0\u00bb][et_pb_column type=\u00a0\u00bb4_4&Prime; _builder_version=\u00a0\u00bb3.0.47&Prime; parallax=\u00a0\u00bboff\u00a0\u00bb parallax_method=\u00a0\u00bbon\u00a0\u00bb][et_pb_text _builder_version=\u00a0\u00bb3.0.97&Prime; header_2_text_color=\u00a0\u00bb#ffffff\u00a0\u00bb header_2_font_size=\u00a0\u00bb28px\u00a0\u00bb header_2_text_shadow_style=\u00a0\u00bbpreset3&Prime;]<\/p>\n<h2 style=\"text-align: center;\">Rimotec souhaite \u00e9tablir des collaborations avec des partenaires sur le territoire suisse.<\/h2>\n<p>[\/et_pb_text][\/et_pb_column][\/et_pb_row][\/et_pb_section][et_pb_section fb_built=\u00a0\u00bb1&Prime; _builder_version=\u00a0\u00bb3.0.47&Prime;][et_pb_row _builder_version=\u00a0\u00bb3.0.47&Prime; background_size=\u00a0\u00bbinitial\u00a0\u00bb background_position=\u00a0\u00bbtop_left\u00a0\u00bb background_repeat=\u00a0\u00bbrepeat\u00a0\u00bb][et_pb_column type=\u00a0\u00bb4_4&Prime; _builder_version=\u00a0\u00bb3.0.47&Prime; parallax=\u00a0\u00bboff\u00a0\u00bb parallax_method=\u00a0\u00bbon\u00a0\u00bb][et_pb_text _builder_version=\u00a0\u00bb3.0.97&Prime; custom_margin=\u00a0\u00bb||0px|\u00a0\u00bb custom_padding=\u00a0\u00bb||0px|\u00a0\u00bb]<\/p>\n<h2 style=\"text-align: center;\">O\u00f9 pouvez-vous louer<\/h2>\n<p>[\/et_pb_text][et_pb_divider divider_weight=\u00a0\u00bb2&Prime; height=\u00a0\u00bb0&Prime; _builder_version=\u00a0\u00bb3.2&Prime; max_width=\u00a0\u00bb10%\u00a0\u00bb module_alignment=\u00a0\u00bbcenter\u00a0\u00bb][\/et_pb_divider][\/et_pb_column][\/et_pb_row][et_pb_row make_equal=\u00a0\u00bbon\u00a0\u00bb _builder_version=\u00a0\u00bb3.0.95&Prime;][et_pb_column type=\u00a0\u00bb1_3&Prime; _builder_version=\u00a0\u00bb3.0.47&Prime; parallax=\u00a0\u00bboff\u00a0\u00bb parallax_method=\u00a0\u00bbon\u00a0\u00bb][et_pb_image src=\u00a0\u00bbhttps:\/\/sno-go.ch\/wp-content\/uploads\/2018\/01\/sno-go.png\u00a0\u00bb align=\u00a0\u00bbcenter\u00a0\u00bb _builder_version=\u00a0\u00bb3.0.97&Prime;][\/et_pb_image][et_pb_text _builder_version=\u00a0\u00bb3.0.97&Prime;]<span class=\"header-red\" style=\"color: #fff; width: 100%; display: block; text-align: center; text-transform: uppercase; font-size: 14px;\">Appelez-nous au <strong>091 862 25 88<\/strong><\/span><span class=\"header-yellow\" style=\"width: 100%; display: block; font-size: 14px;\">Ou <span style=\"text-decoration: underline;\"><a href=\"mailto:info@sno-go.ch\"><span style=\"color: #ff0000; text-decoration: underline;\">envoyez-nous un email<\/span><\/a><\/span><\/span><br \/>\n[\/et_pb_text][\/et_pb_column][et_pb_column type=\u00a0\u00bb1_3&Prime; _builder_version=\u00a0\u00bb3.0.47&Prime; parallax=\u00a0\u00bboff\u00a0\u00bb parallax_method=\u00a0\u00bbon\u00a0\u00bb][et_pb_image src=\u00a0\u00bbhttps:\/\/sno-go.ch\/wp-content\/uploads\/2018\/01\/scuola-svizzera-di-sci.png\u00a0\u00bb align=\u00a0\u00bbcenter\u00a0\u00bb _builder_version=\u00a0\u00bb3.0.97&Prime;][\/et_pb_image][et_pb_text _builder_version=\u00a0\u00bb3.0.97&Prime;]<span class=\"header-red\" style=\"color: #fff; width: 100%; display: block; text-align: center; text-transform: uppercase; font-size: 14px;\">\u00e9cole CAncor\u00ec (Nara)<br \/>\nTEL. <strong>+41 91 871 15 61<\/strong><\/span><br \/>\n[\/et_pb_text][\/et_pb_column][et_pb_column type=\u00a0\u00bb1_3&Prime; _builder_version=\u00a0\u00bb3.0.47&Prime; parallax=\u00a0\u00bboff\u00a0\u00bb parallax_method=\u00a0\u00bbon\u00a0\u00bb][\/et_pb_column][\/et_pb_row][\/et_pb_section]<\/p>\n","protected":false},"excerpt":{"rendered":"<p>Location Il est possible de louer un Sno-Go aupr\u00e8s de notre si\u00e8ge de Biasca \u00e0 des tarifs tr\u00e8s int\u00e9ressants. Voici les tarifs valables pour l\u2019hiver 2020\/21: \u00bd journ\u00e9e: 30,00 CHF 1 jour: 45,00 CHF 2 jours: CHF 80.00 3 jours: CHF 115.00 4 jours: CHF 150.00 5 jours: CHF 180.00 6 jours: CHF 210.00 Une [&hellip;]<\/p>\n","protected":false},"author":1,"featured_media":0,"parent":0,"menu_order":0,"comment_status":"closed","ping_status":"closed","template":"","meta":{"_et_pb_use_builder":"on","_et_pb_old_content":"","_et_gb_content_width":"","footnotes":""},"_links":{"self":[{"href":"https:\/\/sno-go.ch\/fr\/wp-json\/wp\/v2\/pages\/564"}],"collection":[{"href":"https:\/\/sno-go.ch\/fr\/wp-json\/wp\/v2\/pages"}],"about":[{"href":"https:\/\/sno-go.ch\/fr\/wp-json\/wp\/v2\/types\/page"}],"author":[{"embeddable":true,"href":"https:\/\/sno-go.ch\/fr\/wp-json\/wp\/v2\/users\/1"}],"replies":[{"embeddable":true,"href":"https:\/\/sno-go.ch\/fr\/wp-json\/wp\/v2\/comments?post=564"}],"version-history":[{"count":4,"href":"https:\/\/sno-go.ch\/fr\/wp-json\/wp\/v2\/pages\/564\/revisions"}],"predecessor-version":[{"id":789,"href":"https:\/\/sno-go.ch\/fr\/wp-json\/wp\/v2\/pages\/564\/revisions\/789"}],"wp:attachment":[{"href":"https:\/\/sno-go.ch\/fr\/wp-json\/wp\/v2\/media?parent=564"}],"curies":[{"name":"wp","href":"https:\/\/api.w.org\/{rel}","templated":true}]}}