{"id":559,"date":"2018-01-12T14:50:07","date_gmt":"2018-01-12T13:50:07","guid":{"rendered":"https:\/\/sno-go.ch\/faq\/"},"modified":"2018-02-08T09:26:50","modified_gmt":"2018-02-08T08:26:50","slug":"faq","status":"publish","type":"page","link":"https:\/\/sno-go.ch\/fr\/faq\/","title":{"rendered":"FAQ"},"content":{"rendered":"<p>[et_pb_section bb_built=\u00a0\u00bb1&Prime; _builder_version=\u00a0\u00bb3.0.95&Prime; background_image=\u00a0\u00bbhttp:\/\/sno-go.ch\/wp-content\/uploads\/2018\/01\/Sno-Go_BrandBook_2-1.jpg\u00a0\u00bb][et_pb_row _builder_version=\u00a0\u00bb3.0.95&Prime; custom_padding=\u00a0\u00bb||0px|\u00a0\u00bb][et_pb_column type=\u00a0\u00bb4_4&Prime;][et_pb_text _builder_version=\u00a0\u00bb3.0.97&Prime; background_layout=\u00a0\u00bblight\u00a0\u00bb header_font=\u00a0\u00bb|||on|||||\u00a0\u00bb header_font_size=\u00a0\u00bb60px\u00a0\u00bb header_2_font=\u00a0\u00bb|||on|||||\u00a0\u00bb header_text_color=\u00a0\u00bb#ffffff\u00a0\u00bb custom_padding=\u00a0\u00bb||0px|\u00a0\u00bb header_2_text_align=\u00a0\u00bbleft\u00a0\u00bb]<\/p>\n<h1 class=\"header-red\">F.A.Q.<\/h1>\n<h2 class=\"header-yellow\">Vous avez une question concernant le Sno-Go? Nous avons la r\u00e9ponse<\/h2>\n<p>[\/et_pb_text][\/et_pb_column][\/et_pb_row][\/et_pb_section][et_pb_section bb_built=\u00a0\u00bb1&Prime; fullwidth=\u00a0\u00bboff\u00a0\u00bb specialty=\u00a0\u00bboff\u00a0\u00bb _builder_version=\u00a0\u00bb3.0.95&Prime; module_class=\u00a0\u00bbdiagonal-shadow\u00a0\u00bb][et_pb_row][et_pb_column type=\u00a0\u00bb1_2&Prime;][et_pb_accordion _builder_version=\u00a0\u00bb3.0.97&Prime;][et_pb_accordion_item _builder_version=\u00a0\u00bb3.0.97&Prime; title=\u00a0\u00bbEst-il facile d\u2019apprendre \u00e0 utiliser le Sno-Go?\u00a0\u00bb use_background_color_gradient=\u00a0\u00bboff\u00a0\u00bb background_color_gradient_start=\u00a0\u00bb#2b87da\u00a0\u00bb background_color_gradient_end=\u00a0\u00bb#29c4a9&Prime; background_color_gradient_type=\u00a0\u00bblinear\u00a0\u00bb background_color_gradient_direction=\u00a0\u00bb180deg\u00a0\u00bb background_color_gradient_direction_radial=\u00a0\u00bbcenter\u00a0\u00bb background_color_gradient_start_position=\u00a0\u00bb0%\u00a0\u00bb background_color_gradient_end_position=\u00a0\u00bb100%\u00a0\u00bb background_color_gradient_overlays_image=\u00a0\u00bboff\u00a0\u00bb parallax=\u00a0\u00bboff\u00a0\u00bb parallax_method=\u00a0\u00bbon\u00a0\u00bb background_size=\u00a0\u00bbcover\u00a0\u00bb background_position=\u00a0\u00bbcenter\u00a0\u00bb background_repeat=\u00a0\u00bbno-repeat\u00a0\u00bb background_blend=\u00a0\u00bbnormal\u00a0\u00bb allow_player_pause=\u00a0\u00bboff\u00a0\u00bb]<\/p>\n<p>Le point fort de Sno-Go est sans aucun doute sa simplicit\u00e9 d\u2019apprentissage. La plupart des personnes qui s\u2019y essayent apprennent \u00e0 utiliser le Sno-Go en une ou deux descentes.<\/p>\n<p>[\/et_pb_accordion_item][et_pb_accordion_item _builder_version=\u00a0\u00bb3.0.97&Prime; title=\u00a0\u00bbQuel type de chaussures de ski dois-je utiliser?\u00a0\u00bb use_background_color_gradient=\u00a0\u00bboff\u00a0\u00bb background_color_gradient_start=\u00a0\u00bb#2b87da\u00a0\u00bb background_color_gradient_end=\u00a0\u00bb#29c4a9&Prime; background_color_gradient_type=\u00a0\u00bblinear\u00a0\u00bb background_color_gradient_direction=\u00a0\u00bb180deg\u00a0\u00bb background_color_gradient_direction_radial=\u00a0\u00bbcenter\u00a0\u00bb background_color_gradient_start_position=\u00a0\u00bb0%\u00a0\u00bb background_color_gradient_end_position=\u00a0\u00bb100%\u00a0\u00bb background_color_gradient_overlays_image=\u00a0\u00bboff\u00a0\u00bb parallax=\u00a0\u00bboff\u00a0\u00bb parallax_method=\u00a0\u00bbon\u00a0\u00bb background_size=\u00a0\u00bbcover\u00a0\u00bb background_position=\u00a0\u00bbcenter\u00a0\u00bb background_repeat=\u00a0\u00bbno-repeat\u00a0\u00bb background_blend=\u00a0\u00bbnormal\u00a0\u00bb allow_player_pause=\u00a0\u00bboff\u00a0\u00bb]<\/p>\n<p>Il est important d\u2019utiliser des chaussures r\u00e9sistantes avec semelle en plastique. Nous conseillons les chaussures de snowboard.<\/p>\n<p>[\/et_pb_accordion_item][et_pb_accordion_item _builder_version=\u00a0\u00bb3.0.97&Prime; title=\u00a0\u00bbComment freiner?\u00a0\u00bb use_background_color_gradient=\u00a0\u00bboff\u00a0\u00bb background_color_gradient_start=\u00a0\u00bb#2b87da\u00a0\u00bb background_color_gradient_end=\u00a0\u00bb#29c4a9&Prime; background_color_gradient_type=\u00a0\u00bblinear\u00a0\u00bb background_color_gradient_direction=\u00a0\u00bb180deg\u00a0\u00bb background_color_gradient_direction_radial=\u00a0\u00bbcenter\u00a0\u00bb background_color_gradient_start_position=\u00a0\u00bb0%\u00a0\u00bb background_color_gradient_end_position=\u00a0\u00bb100%\u00a0\u00bb background_color_gradient_overlays_image=\u00a0\u00bboff\u00a0\u00bb parallax=\u00a0\u00bboff\u00a0\u00bb parallax_method=\u00a0\u00bbon\u00a0\u00bb background_size=\u00a0\u00bbcover\u00a0\u00bb background_position=\u00a0\u00bbcenter\u00a0\u00bb background_repeat=\u00a0\u00bbno-repeat\u00a0\u00bb background_blend=\u00a0\u00bbnormal\u00a0\u00bb allow_player_pause=\u00a0\u00bboff\u00a0\u00bb]<\/p>\n<p>La technique est la m\u00eame que celle du ski : il suffit de d\u00e9placer le poids de c\u00f4t\u00e9 et de prendre un virage.<\/p>\n<p>[\/et_pb_accordion_item][et_pb_accordion_item _builder_version=\u00a0\u00bb3.0.97&Prime; title=\u00a0\u00bb\u00c0 quoi sert la corde?\u00a0\u00bb use_background_color_gradient=\u00a0\u00bboff\u00a0\u00bb background_color_gradient_start=\u00a0\u00bb#2b87da\u00a0\u00bb background_color_gradient_end=\u00a0\u00bb#29c4a9&Prime; background_color_gradient_type=\u00a0\u00bblinear\u00a0\u00bb background_color_gradient_direction=\u00a0\u00bb180deg\u00a0\u00bb background_color_gradient_direction_radial=\u00a0\u00bbcenter\u00a0\u00bb background_color_gradient_start_position=\u00a0\u00bb0%\u00a0\u00bb background_color_gradient_end_position=\u00a0\u00bb100%\u00a0\u00bb background_color_gradient_overlays_image=\u00a0\u00bboff\u00a0\u00bb parallax=\u00a0\u00bboff\u00a0\u00bb parallax_method=\u00a0\u00bbon\u00a0\u00bb background_size=\u00a0\u00bbcover\u00a0\u00bb background_position=\u00a0\u00bbcenter\u00a0\u00bb background_repeat=\u00a0\u00bbno-repeat\u00a0\u00bb background_blend=\u00a0\u00bbnormal\u00a0\u00bb allow_player_pause=\u00a0\u00bboff\u00a0\u00bb]<\/p>\n<p>La corde de s\u00e9curit\u00e9 est un dispositif de pr\u00e9vention pour \u00e9viter de perdre le Sno-Go.<\/p>\n<p>O\u00f9 trouver un Sno-Go en Suisse?<br \/>\nSno-Go est distribu\u00e9 en exclusivit\u00e9 sur tout le territoire suisse par Rimotec. Il peut \u00eatre achet\u00e9 directement dans un point de vente ou sur notre boutique en ligne.<\/p>\n<p>[\/et_pb_accordion_item][\/et_pb_accordion][\/et_pb_column][et_pb_column type=\u00a0\u00bb1_2&Prime;][et_pb_accordion _builder_version=\u00a0\u00bb3.0.97&Prime;][et_pb_accordion_item _builder_version=\u00a0\u00bb3.0.97&Prime; title=\u00a0\u00bbEst-il possible de louer un Sno-Go?\u00a0\u00bb use_background_color_gradient=\u00a0\u00bboff\u00a0\u00bb background_color_gradient_start=\u00a0\u00bb#2b87da\u00a0\u00bb background_color_gradient_end=\u00a0\u00bb#29c4a9&Prime; background_color_gradient_type=\u00a0\u00bblinear\u00a0\u00bb background_color_gradient_direction=\u00a0\u00bb180deg\u00a0\u00bb background_color_gradient_direction_radial=\u00a0\u00bbcenter\u00a0\u00bb background_color_gradient_start_position=\u00a0\u00bb0%\u00a0\u00bb background_color_gradient_end_position=\u00a0\u00bb100%\u00a0\u00bb background_color_gradient_overlays_image=\u00a0\u00bboff\u00a0\u00bb parallax=\u00a0\u00bboff\u00a0\u00bb parallax_method=\u00a0\u00bbon\u00a0\u00bb background_size=\u00a0\u00bbcover\u00a0\u00bb background_position=\u00a0\u00bbcenter\u00a0\u00bb background_repeat=\u00a0\u00bbno-repeat\u00a0\u00bb background_blend=\u00a0\u00bbnormal\u00a0\u00bb allow_player_pause=\u00a0\u00bboff\u00a0\u00bb]<\/p>\n<p>Bien s\u00fbr. Les tarifs sont indiqu\u00e9s sur la page consacr\u00e9e \u00e0 la location.<\/p>\n<p>[\/et_pb_accordion_item][et_pb_accordion_item _builder_version=\u00a0\u00bb3.0.97&Prime; title=\u00a0\u00bbLe Sno-Go est-il adapt\u00e9 uniquement aux personnes n\u2019ayant jamais fait ou tr\u00e8s peu de ski ou de snowboard?\u00a0\u00bb use_background_color_gradient=\u00a0\u00bboff\u00a0\u00bb background_color_gradient_start=\u00a0\u00bb#2b87da\u00a0\u00bb background_color_gradient_end=\u00a0\u00bb#29c4a9&Prime; background_color_gradient_type=\u00a0\u00bblinear\u00a0\u00bb background_color_gradient_direction=\u00a0\u00bb180deg\u00a0\u00bb background_color_gradient_direction_radial=\u00a0\u00bbcenter\u00a0\u00bb background_color_gradient_start_position=\u00a0\u00bb0%\u00a0\u00bb background_color_gradient_end_position=\u00a0\u00bb100%\u00a0\u00bb background_color_gradient_overlays_image=\u00a0\u00bboff\u00a0\u00bb parallax=\u00a0\u00bboff\u00a0\u00bb parallax_method=\u00a0\u00bbon\u00a0\u00bb background_size=\u00a0\u00bbcover\u00a0\u00bb background_position=\u00a0\u00bbcenter\u00a0\u00bb background_repeat=\u00a0\u00bbno-repeat\u00a0\u00bb background_blend=\u00a0\u00bbnormal\u00a0\u00bb allow_player_pause=\u00a0\u00bboff\u00a0\u00bb]<\/p>\n<p>Absolument pas. Il est vrai que le Sno-Go, gr\u00e2ce \u00e0 sa facilit\u00e9 d\u2019utilisation, est vraiment adapt\u00e9 \u00e0 tous, mais il est aussi vrai que les skieurs exp\u00e9riment\u00e9s peuvent tenter l\u2019aventure sur des parcours plus audacieux ou en acqu\u00e9rant une plus grande vitesse en descente.<\/p>\n<p>[\/et_pb_accordion_item][et_pb_accordion_item _builder_version=\u00a0\u00bb3.0.97&Prime; title=\u00a0\u00bbEst-il possible d\u2019utiliser le Sno-Go comme si\u00e8ge sur le t\u00e9l\u00e9si\u00e8ge?\u00a0\u00bb use_background_color_gradient=\u00a0\u00bboff\u00a0\u00bb background_color_gradient_start=\u00a0\u00bb#2b87da\u00a0\u00bb background_color_gradient_end=\u00a0\u00bb#29c4a9&Prime; background_color_gradient_type=\u00a0\u00bblinear\u00a0\u00bb background_color_gradient_direction=\u00a0\u00bb180deg\u00a0\u00bb background_color_gradient_direction_radial=\u00a0\u00bbcenter\u00a0\u00bb background_color_gradient_start_position=\u00a0\u00bb0%\u00a0\u00bb background_color_gradient_end_position=\u00a0\u00bb100%\u00a0\u00bb background_color_gradient_overlays_image=\u00a0\u00bboff\u00a0\u00bb parallax=\u00a0\u00bboff\u00a0\u00bb parallax_method=\u00a0\u00bbon\u00a0\u00bb background_size=\u00a0\u00bbcover\u00a0\u00bb background_position=\u00a0\u00bbcenter\u00a0\u00bb background_repeat=\u00a0\u00bbno-repeat\u00a0\u00bb background_blend=\u00a0\u00bbnormal\u00a0\u00bb allow_player_pause=\u00a0\u00bboff\u00a0\u00bb]<\/p>\n<p>Le support pour le transport en t\u00e9l\u00e9si\u00e8ge n\u2019a pas \u00e9t\u00e9 con\u00e7u comme un si\u00e8ge, mais peut \u00eatre un excellent appui pour se reposer lorsque vous faites la queue ou que vous attendez vos amis.<\/p>\n<p>[\/et_pb_accordion_item][\/et_pb_accordion][\/et_pb_column][\/et_pb_row][\/et_pb_section]<\/p>\n","protected":false},"excerpt":{"rendered":"<p>F.A.Q. Vous avez une question concernant le Sno-Go? Nous avons la r\u00e9ponse <div class=\"et_pb_row et_pb_row_0 et_pb_row_empty\">\n\t\t\t\t\n\t\t\t\t\n\t\t\t\t\n\t\t\t\t\n\t\t\t\t\n\t\t\t<\/div> Le point fort de Sno-Go est sans aucun doute sa simplicit\u00e9 d\u2019apprentissage. La plupart des personnes qui s\u2019y essayent apprennent \u00e0 utiliser le Sno-Go en une ou deux descentes. Il est important d\u2019utiliser des chaussures r\u00e9sistantes avec semelle en plastique. Nous conseillons [&hellip;]<\/p>\n","protected":false},"author":1,"featured_media":0,"parent":0,"menu_order":0,"comment_status":"closed","ping_status":"closed","template":"","meta":{"_et_pb_use_builder":"on","_et_pb_old_content":"","_et_gb_content_width":"","footnotes":""},"_links":{"self":[{"href":"https:\/\/sno-go.ch\/fr\/wp-json\/wp\/v2\/pages\/559"}],"collection":[{"href":"https:\/\/sno-go.ch\/fr\/wp-json\/wp\/v2\/pages"}],"about":[{"href":"https:\/\/sno-go.ch\/fr\/wp-json\/wp\/v2\/types\/page"}],"author":[{"embeddable":true,"href":"https:\/\/sno-go.ch\/fr\/wp-json\/wp\/v2\/users\/1"}],"replies":[{"embeddable":true,"href":"https:\/\/sno-go.ch\/fr\/wp-json\/wp\/v2\/comments?post=559"}],"version-history":[{"count":3,"href":"https:\/\/sno-go.ch\/fr\/wp-json\/wp\/v2\/pages\/559\/revisions"}],"predecessor-version":[{"id":774,"href":"https:\/\/sno-go.ch\/fr\/wp-json\/wp\/v2\/pages\/559\/revisions\/774"}],"wp:attachment":[{"href":"https:\/\/sno-go.ch\/fr\/wp-json\/wp\/v2\/media?parent=559"}],"curies":[{"name":"wp","href":"https:\/\/api.w.org\/{rel}","templated":true}]}}