{"id":555,"date":"2018-01-12T14:29:36","date_gmt":"2018-01-12T13:29:36","guid":{"rendered":"https:\/\/sno-go.ch\/testimonial\/"},"modified":"2018-01-24T16:25:14","modified_gmt":"2018-01-24T15:25:14","slug":"temoignages","status":"publish","type":"page","link":"https:\/\/sno-go.ch\/fr\/temoignages\/","title":{"rendered":"T\u00e9moignages"},"content":{"rendered":"<p>[et_pb_section bb_built=\u00a0\u00bb1&Prime; _builder_version=\u00a0\u00bb3.0.95&Prime; background_image=\u00a0\u00bbhttp:\/\/sno-go.ch\/wp-content\/uploads\/2018\/01\/Sno-Go_BrandBook_2-1.jpg\u00a0\u00bb][et_pb_row _builder_version=\u00a0\u00bb3.0.95&Prime; custom_padding=\u00a0\u00bb||0px|\u00a0\u00bb][et_pb_column type=\u00a0\u00bb4_4&Prime;][et_pb_text _builder_version=\u00a0\u00bb3.0.97&Prime; background_layout=\u00a0\u00bblight\u00a0\u00bb header_font=\u00a0\u00bb|||on|||||\u00a0\u00bb header_font_size=\u00a0\u00bb48px\u00a0\u00bb header_2_font=\u00a0\u00bb|||on|||||\u00a0\u00bb header_text_color=\u00a0\u00bb#ffffff\u00a0\u00bb custom_padding=\u00a0\u00bb||0px|\u00a0\u00bb]<\/p>\n<h1 class=\"header-red\">T\u00e9moignages<\/h1>\n<p>[\/et_pb_text][\/et_pb_column][\/et_pb_row][\/et_pb_section][et_pb_section bb_built=\u00a0\u00bb1&Prime; fullwidth=\u00a0\u00bboff\u00a0\u00bb specialty=\u00a0\u00bboff\u00a0\u00bb _builder_version=\u00a0\u00bb3.0.95&Prime; module_class=\u00a0\u00bbdiagonal-shadow\u00a0\u00bb][et_pb_row _builder_version=\u00a0\u00bb3.0.95&Prime; custom_padding=\u00a0\u00bb0px|||\u00a0\u00bb][et_pb_column type=\u00a0\u00bb4_4&Prime;][et_pb_text _builder_version=\u00a0\u00bb3.0.97&Prime; background_layout=\u00a0\u00bblight\u00a0\u00bb custom_margin=\u00a0\u00bb0px|||\u00a0\u00bb custom_padding=\u00a0\u00bb0px|||\u00a0\u00bb text_font=\u00a0\u00bb|300|||||||\u00a0\u00bb text_font_size=\u00a0\u00bb18px\u00a0\u00bb]<\/p>\n<p style=\"text-align: center;\">Sur cette page, vous trouverez certains t\u00e9moignages d\u2019utilisateurs r\u00e9els qui ont test\u00e9 le Sno-Go. Et c\u2019est avec grand plaisir que nous publions la premi\u00e8re opinion d\u2019un client Rimotec.<\/p>\n<p>[\/et_pb_text][\/et_pb_column][\/et_pb_row][et_pb_row][et_pb_column type=\u00a0\u00bb4_4&Prime;][et_pb_testimonial _builder_version=\u00a0\u00bb3.0.97&Prime; quote_icon=\u00a0\u00bbon\u00a0\u00bb url_new_window=\u00a0\u00bboff\u00a0\u00bb author=\u00a0\u00bbAli Mears (client Rimotec)\u00a0\u00bb use_background_color=\u00a0\u00bbon\u00a0\u00bb quote_icon_background_color=\u00a0\u00bb#f5f5f5&Prime; background_layout=\u00a0\u00bblight\u00a0\u00bb quote_icon_color=\u00a0\u00bb#ff0000&Prime; body_font=\u00a0\u00bb|300|||||||\u00a0\u00bb]<\/p>\n<p>j\u2019ai fait ma premi\u00e8re sortie avec le Sno-Go qui m\u2019a \u00e9t\u00e9 fourni par Rimotec. D\u2019habitude j\u2019utilisais le snow-bike Brenter, mais Sno-Go est beaucoup plus facile \u00e0 utiliser. J\u2019ai commenc\u00e9 \u00e0 toute vitesse sur une piste bleue puis je suis directement pass\u00e9, pendant une apr\u00e8s-midi enti\u00e8re, \u00e0 une piste rouge.<\/p>\n<p>Sno-Go s\u2019est d\u00e9montr\u00e9 bien plus \u00ab attentionn\u00e9 \u00bb envers mes genoux, mes hanches et mon dos que le mod\u00e8le Brenter. M\u00eame dans les conditions les plus difficiles j\u2019ai ski\u00e9 sans aucun effort.<\/p>\n<p>[\/et_pb_testimonial][\/et_pb_column][\/et_pb_row][et_pb_row][et_pb_column type=\u00a0\u00bb1_3&Prime;][et_pb_testimonial _builder_version=\u00a0\u00bb3.0.97&Prime; quote_icon=\u00a0\u00bbon\u00a0\u00bb url_new_window=\u00a0\u00bboff\u00a0\u00bb author=\u00a0\u00bbDrake (utilisateur Sno-Go \u00c9tats-Unis)\u00a0\u00bb use_background_color=\u00a0\u00bbon\u00a0\u00bb quote_icon_background_color=\u00a0\u00bb#f5f5f5&Prime; background_layout=\u00a0\u00bblight\u00a0\u00bb quote_icon_color=\u00a0\u00bb#ff0000&Prime; body_font=\u00a0\u00bb|300|||||||\u00a0\u00bb portrait_url=\u00a0\u00bbhttp:\/\/sno-go.ch\/wp-content\/uploads\/2018\/01\/Kid.jpg\u00a0\u00bb]<\/p>\n<p>J\u2019ai \u00e9t\u00e9 frapp\u00e9 par sa facilit\u00e9 d\u2019utilisation ! Lorsque j\u2019ai essay\u00e9 de faire du snowboard, j\u2019\u00e9tais toujours \u00e0 terre ; avec le Sno-Go j\u2019ai r\u00e9ussi \u00e0 faire une descente de piste en moins d\u2019une heure. Apprendre \u00e0 prendre les virages est tr\u00e8s simple. Il faut vraiment l\u2019essayer pour y croire. J\u2019ai h\u00e2te de le tester \u00e0 nouveau!<\/p>\n<p>[\/et_pb_testimonial][\/et_pb_column][et_pb_column type=\u00a0\u00bb1_3&Prime;][et_pb_testimonial _builder_version=\u00a0\u00bb3.0.97&Prime; quote_icon=\u00a0\u00bbon\u00a0\u00bb url_new_window=\u00a0\u00bboff\u00a0\u00bb author=\u00a0\u00bbMatt (utilisateur Sno-Go \u00c9tats-Unis)\u00a0\u00bb use_background_color=\u00a0\u00bbon\u00a0\u00bb quote_icon_background_color=\u00a0\u00bb#f5f5f5&Prime; background_layout=\u00a0\u00bblight\u00a0\u00bb quote_icon_color=\u00a0\u00bb#ff0000&Prime; body_font=\u00a0\u00bb|300|||||||\u00a0\u00bb portrait_url=\u00a0\u00bbhttp:\/\/sno-go.ch\/wp-content\/uploads\/2018\/01\/Guy.jpg\u00a0\u00bb]<\/p>\n<p>Quand j\u2019\u00e9tais plus jeune, j\u2019\u00e9tais un grand passionn\u00e9 de ski, et lorsque j\u2019ai entendu parler du Sno-Go je voulais absolument l\u2019essayer. Au d\u00e9but, j\u2019\u00e9tais un peu h\u00e9sitant, car plus de 10 ans s\u2019\u00e9taient \u00e9coul\u00e9s depuis la derni\u00e8re fois que j\u2019avais ski\u00e9, mais \u00e7a a \u00e9t\u00e9 fantastique. Je suis redevenu un enfant. J\u2019ai \u00e9t\u00e9 tr\u00e8s \u00e9tonn\u00e9 de constater \u00e0 quel point il \u00e9tait naturel et rapide d\u2019apprendre \u00e0 utiliser le Sno-Go.<\/p>\n<p>Apr\u00e8s ma deuxi\u00e8me descente, j\u2019\u00e9tais parfaitement \u00e0 l\u2019aise sur mon Sno-Go et \u00e0 la fin de la journ\u00e9e j\u2019\u00e9tais si s\u00fbr de moi que j\u2019ai tent\u00e9 quelques \u00ab figures \u00bb. Bien s\u00fbr, il y a eu quelques chutes, mais trois fois rien compar\u00e9 \u00e0 l\u2019apprentissage du snowboard ou du mountainbike. Je suis tr\u00e8s heureux d\u2019\u00eatre revenu sur les pistes et j\u2019ai h\u00e2te d\u2019y retourner.<\/p>\n<p>[\/et_pb_testimonial][\/et_pb_column][et_pb_column type=\u00a0\u00bb1_3&Prime;][et_pb_testimonial _builder_version=\u00a0\u00bb3.0.97&Prime; quote_icon=\u00a0\u00bbon\u00a0\u00bb url_new_window=\u00a0\u00bboff\u00a0\u00bb author=\u00a0\u00bbJenna (utilisateur Sno-Go \u00c9tats-Unis)\u00a0\u00bb use_background_color=\u00a0\u00bbon\u00a0\u00bb quote_icon_background_color=\u00a0\u00bb#f5f5f5&Prime; background_layout=\u00a0\u00bblight\u00a0\u00bb quote_icon_color=\u00a0\u00bb#ff0000&Prime; body_font=\u00a0\u00bb|300|||||||\u00a0\u00bb portrait_url=\u00a0\u00bbhttp:\/\/sno-go.ch\/wp-content\/uploads\/2018\/01\/Lady.jpg\u00a0\u00bb]<\/p>\n<p>Je n\u2019arrive pas \u00e0 croire que je me sois autant amus\u00e9e ! Je ne suis pas une grande fan des sports d\u2019hiver et du froid en g\u00e9n\u00e9ral ; par le pass\u00e9, j\u2019ai essay\u00e9 plusieurs fois de skier avec mon mari, mais je n\u2019y ai jamais pris de plaisir. Mais avec ces v\u00e9los Sno-Go, \u00e7a n\u2019a rien \u00e0 voir ! Je ne connaissais pas du tout le concept, je n\u2019avais jamais regard\u00e9 de tutoriel\u2026 mais je me suis beaucoup amus\u00e9e et je veux absolument recommencer!<\/p>\n<p>[\/et_pb_testimonial][\/et_pb_column][\/et_pb_row][\/et_pb_section][et_pb_section bb_built=\u00a0\u00bb1&Prime; fullwidth=\u00a0\u00bboff\u00a0\u00bb specialty=\u00a0\u00bboff\u00a0\u00bb _builder_version=\u00a0\u00bb3.0.95&Prime; background_image=\u00a0\u00bbhttp:\/\/sno-go.ch\/wp-content\/uploads\/2018\/01\/background.jpg\u00a0\u00bb parallax=\u00a0\u00bbon\u00a0\u00bb parallax_method=\u00a0\u00bboff\u00a0\u00bb][et_pb_row][et_pb_column type=\u00a0\u00bb4_4&Prime;][et_pb_text _builder_version=\u00a0\u00bb3.0.97&Prime; background_layout=\u00a0\u00bblight\u00a0\u00bb header_font=\u00a0\u00bb|||on|||||\u00a0\u00bb header_font_size=\u00a0\u00bb48px\u00a0\u00bb header_text_color=\u00a0\u00bb#ffffff\u00a0\u00bb disabled=\u00a0\u00bboff\u00a0\u00bb disabled_on=\u00a0\u00bbon||\u00a0\u00bb]<\/p>\n<h1 class=\"header-red\">Regarder le t\u00e9moignage vid\u00e9o<\/h1>\n<p>[\/et_pb_text][et_pb_text _builder_version=\u00a0\u00bb3.0.97&Prime; background_layout=\u00a0\u00bblight\u00a0\u00bb header_font=\u00a0\u00bb|||on|||||\u00a0\u00bb header_font_size=\u00a0\u00bb48px\u00a0\u00bb header_text_color=\u00a0\u00bb#ffffff\u00a0\u00bb disabled=\u00a0\u00bboff\u00a0\u00bb disabled_on=\u00a0\u00bboff|on|on\u00a0\u00bb]<\/p>\n<h1 class=\"header-red\" style=\"font-size: 22px; text-align: center;\">Regarder le t\u00e9moignage vid\u00e9o<\/h1>\n<p>[\/et_pb_text][\/et_pb_column][\/et_pb_row][et_pb_row][et_pb_column type=\u00a0\u00bb1_2&Prime;][et_pb_video _builder_version=\u00a0\u00bb3.0.97&Prime; image_src=\u00a0\u00bbhttp:\/\/sno-go.ch\/wp-content\/uploads\/2018\/01\/preview-1-1.jpg\u00a0\u00bb src=\u00a0\u00bbhttp:\/\/sno-go.ch\/wp-content\/uploads\/video\/sorella-fr.mp4&Prime; play_icon_color=\u00a0\u00bb#ff0000&Prime; src_webm=\u00a0\u00bbhttp:\/\/sno-go.ch\/wp-content\/uploads\/video\/sorella-fr.webm\u00a0\u00bb custom_margin=\u00a0\u00bb||0px|\u00a0\u00bb \/][et_pb_text _builder_version=\u00a0\u00bb3.0.97&Prime; background_color=\u00a0\u00bb#ff0000&Prime; background_layout=\u00a0\u00bblight\u00a0\u00bb text_text_color=\u00a0\u00bb#ffffff\u00a0\u00bb text_orientation=\u00a0\u00bbcenter\u00a0\u00bb custom_padding=\u00a0\u00bb5px||5px|\u00a0\u00bb]<\/p>\n<p>Facile et amusant<\/p>\n<p>[\/et_pb_text][\/et_pb_column][et_pb_column type=\u00a0\u00bb1_2&Prime;][et_pb_video _builder_version=\u00a0\u00bb3.0.97&Prime; image_src=\u00a0\u00bbhttp:\/\/sno-go.ch\/wp-content\/uploads\/2018\/01\/preview-2.jpg\u00a0\u00bb src=\u00a0\u00bbhttp:\/\/sno-go.ch\/wp-content\/uploads\/video\/niceeasy-fr.mp4&Prime; play_icon_color=\u00a0\u00bb#ff0000&Prime; src_webm=\u00a0\u00bbhttp:\/\/sno-go.ch\/wp-content\/uploads\/video\/niceeasy-fr.webm\u00a0\u00bb custom_margin=\u00a0\u00bb||0px|\u00a0\u00bb \/][et_pb_text _builder_version=\u00a0\u00bb3.0.97&Prime; background_color=\u00a0\u00bb#ff0000&Prime; background_layout=\u00a0\u00bblight\u00a0\u00bb text_text_color=\u00a0\u00bb#ffffff\u00a0\u00bb text_orientation=\u00a0\u00bbcenter\u00a0\u00bb custom_padding=\u00a0\u00bb5px||5px|\u00a0\u00bb]<\/p>\n<p>Nate et sa s\u0153ur<\/p>\n<p>[\/et_pb_text][\/et_pb_column][\/et_pb_row][\/et_pb_section]<\/p>\n","protected":false},"excerpt":{"rendered":"<p>T\u00e9moignages Sur cette page, vous trouverez certains t\u00e9moignages d\u2019utilisateurs r\u00e9els qui ont test\u00e9 le Sno-Go. Et c\u2019est avec grand plaisir que nous publions la premi\u00e8re opinion d\u2019un client Rimotec. <div class=\"et_pb_row et_pb_row_0 et_pb_row_empty\">\n\t\t\t\t\n\t\t\t\t\n\t\t\t\t\n\t\t\t\t\n\t\t\t\t\n\t\t\t<\/div> j\u2019ai fait ma premi\u00e8re sortie avec le Sno-Go qui m\u2019a \u00e9t\u00e9 fourni par Rimotec. D\u2019habitude j\u2019utilisais le snow-bike Brenter, mais Sno-Go est beaucoup plus facile [&hellip;]<\/p>\n","protected":false},"author":1,"featured_media":0,"parent":0,"menu_order":0,"comment_status":"closed","ping_status":"closed","template":"","meta":{"_et_pb_use_builder":"on","_et_pb_old_content":"","_et_gb_content_width":"","footnotes":""},"_links":{"self":[{"href":"https:\/\/sno-go.ch\/fr\/wp-json\/wp\/v2\/pages\/555"}],"collection":[{"href":"https:\/\/sno-go.ch\/fr\/wp-json\/wp\/v2\/pages"}],"about":[{"href":"https:\/\/sno-go.ch\/fr\/wp-json\/wp\/v2\/types\/page"}],"author":[{"embeddable":true,"href":"https:\/\/sno-go.ch\/fr\/wp-json\/wp\/v2\/users\/1"}],"replies":[{"embeddable":true,"href":"https:\/\/sno-go.ch\/fr\/wp-json\/wp\/v2\/comments?post=555"}],"version-history":[{"count":1,"href":"https:\/\/sno-go.ch\/fr\/wp-json\/wp\/v2\/pages\/555\/revisions"}],"predecessor-version":[{"id":558,"href":"https:\/\/sno-go.ch\/fr\/wp-json\/wp\/v2\/pages\/555\/revisions\/558"}],"wp:attachment":[{"href":"https:\/\/sno-go.ch\/fr\/wp-json\/wp\/v2\/media?parent=555"}],"curies":[{"name":"wp","href":"https:\/\/api.w.org\/{rel}","templated":true}]}}