{"id":552,"date":"2018-01-12T12:14:25","date_gmt":"2018-01-12T11:14:25","guid":{"rendered":"https:\/\/sno-go.ch\/sno-go\/"},"modified":"2018-02-08T09:27:34","modified_gmt":"2018-02-08T08:27:34","slug":"sno-go","status":"publish","type":"page","link":"https:\/\/sno-go.ch\/fr\/sno-go\/","title":{"rendered":"Sno-Go"},"content":{"rendered":"<p>[et_pb_section bb_built=\u00a0\u00bb1&Prime; _builder_version=\u00a0\u00bb3.0.95&Prime; background_image=\u00a0\u00bbhttp:\/\/sno-go.ch\/wp-content\/uploads\/2018\/01\/Sno-Go_BrandBook_2-1.jpg\u00a0\u00bb][et_pb_row _builder_version=\u00a0\u00bb3.0.95&Prime; custom_padding=\u00a0\u00bb||0px|\u00a0\u00bb][et_pb_column type=\u00a0\u00bb4_4&Prime;][et_pb_text _builder_version=\u00a0\u00bb3.0.97&Prime; background_layout=\u00a0\u00bblight\u00a0\u00bb header_font=\u00a0\u00bb|||on|||||\u00a0\u00bb header_font_size=\u00a0\u00bb48px\u00a0\u00bb header_2_font=\u00a0\u00bb|||on|||||\u00a0\u00bb header_text_color=\u00a0\u00bb#ffffff\u00a0\u00bb custom_padding=\u00a0\u00bb||0px|\u00a0\u00bb]<\/p>\n<h1 class=\"header-red\">Sno-Go<\/h1>\n<h2 class=\"header-yellow\">Si vous savez faire du v\u00e9lo, vous saurez faire du Sno-Go!<\/h2>\n<p>[\/et_pb_text][\/et_pb_column][\/et_pb_row][\/et_pb_section][et_pb_section bb_built=\u00a0\u00bb1&Prime; fullwidth=\u00a0\u00bboff\u00a0\u00bb specialty=\u00a0\u00bboff\u00a0\u00bb _builder_version=\u00a0\u00bb3.0.95&Prime; module_class=\u00a0\u00bbdiagonal-shadow\u00a0\u00bb][et_pb_row _builder_version=\u00a0\u00bb3.0.95&Prime; custom_padding=\u00a0\u00bb0px|||\u00a0\u00bb][et_pb_column type=\u00a0\u00bb4_4&Prime;][et_pb_text _builder_version=\u00a0\u00bb3.0.97&Prime; background_layout=\u00a0\u00bblight\u00a0\u00bb custom_margin=\u00a0\u00bb0px|||\u00a0\u00bb custom_padding=\u00a0\u00bb0px|||\u00a0\u00bb text_font=\u00a0\u00bb|300|||||||\u00a0\u00bb text_font_size=\u00a0\u00bb18px\u00a0\u00bb]<\/p>\n<p style=\"text-align: center;\">Que vous ayez envie de profiter de la beaut\u00e9 des paysages de montagne ou de faire de la luge toute la journ\u00e9e avec vos amis, notre \u00ab v\u00e9lo des neiges \u00bb est le choix id\u00e9al.<\/p>\n<p style=\"text-align: center;\">Nous avons uni le mouvement intuitif du v\u00e9lo \u00e0 des skis con\u00e7us pour garantir d\u2019excellentes performances sur n\u2019importe quel type de neige.<\/p>\n<p style=\"text-align: center;\">Le Sno-Go a \u00e9t\u00e9 pens\u00e9 aussi bien pour les personnes ayant peu l\u2019habitude du ski ou du snowboard, mais qui souhaitent tout de m\u00eame profiter de la beaut\u00e9 d\u2019une descente sur les pistes, que pour les personnes plus expertes qui souhaitent essayer un nouvel engin amusant.<\/p>\n<p>[\/et_pb_text][\/et_pb_column][\/et_pb_row][et_pb_row][et_pb_column type=\u00a0\u00bb4_4&Prime;][et_pb_text _builder_version=\u00a0\u00bb3.0.97&Prime; background_layout=\u00a0\u00bblight\u00a0\u00bb header_2_font=\u00a0\u00bb|||on|||||\u00a0\u00bb header_2_text_align=\u00a0\u00bbcenter\u00a0\u00bb custom_margin=\u00a0\u00bb||0px|\u00a0\u00bb]<\/p>\n<h2 style=\"text-align: center;\">Caract\u00e9ristiques principales<\/h2>\n<p>[\/et_pb_text][et_pb_divider _builder_version=\u00a0\u00bb3.0.95&Prime; show_divider=\u00a0\u00bbon\u00a0\u00bb color=\u00a0\u00bb#ff0000&Prime; height=\u00a0\u00bb2px\u00a0\u00bb divider_weight=\u00a0\u00bb2px\u00a0\u00bb max_width=\u00a0\u00bb10%\u00a0\u00bb custom_margin=\u00a0\u00bb0px|||\u00a0\u00bb divider_position=\u00a0\u00bbcenter\u00a0\u00bb module_class=\u00a0\u00bbseparatore\u00a0\u00bb \/][\/et_pb_column][\/et_pb_row][et_pb_row _builder_version=\u00a0\u00bb3.0.95&Prime;][et_pb_column type=\u00a0\u00bb1_4&Prime;][et_pb_blurb _builder_version=\u00a0\u00bb3.0.97&Prime; use_icon=\u00a0\u00bboff\u00a0\u00bb image=\u00a0\u00bbhttp:\/\/sno-go.ch\/wp-content\/uploads\/2018\/01\/feather.png\u00a0\u00bb url_new_window=\u00a0\u00bboff\u00a0\u00bb title=\u00a0\u00bbL\u00e9g\u00e8ret\u00e9\u00a0\u00bb use_circle=\u00a0\u00bboff\u00a0\u00bb use_circle_border=\u00a0\u00bboff\u00a0\u00bb icon_placement=\u00a0\u00bbtop\u00a0\u00bb use_icon_font_size=\u00a0\u00bboff\u00a0\u00bb background_layout=\u00a0\u00bblight\u00a0\u00bb image_max_width=\u00a0\u00bb50%\u00a0\u00bb header_text_align=\u00a0\u00bbcenter\u00a0\u00bb \/][\/et_pb_column][et_pb_column type=\u00a0\u00bb1_4&Prime;][et_pb_blurb _builder_version=\u00a0\u00bb3.0.97&Prime; use_icon=\u00a0\u00bboff\u00a0\u00bb image=\u00a0\u00bbhttp:\/\/sno-go.ch\/wp-content\/uploads\/2018\/01\/happy-2.png\u00a0\u00bb url_new_window=\u00a0\u00bboff\u00a0\u00bb title=\u00a0\u00bbFacilit\u00e9 d\u2019utilisation\u00a0\u00bb use_circle=\u00a0\u00bboff\u00a0\u00bb use_circle_border=\u00a0\u00bboff\u00a0\u00bb icon_placement=\u00a0\u00bbtop\u00a0\u00bb use_icon_font_size=\u00a0\u00bboff\u00a0\u00bb background_layout=\u00a0\u00bblight\u00a0\u00bb image_max_width=\u00a0\u00bb50%\u00a0\u00bb header_text_align=\u00a0\u00bbcenter\u00a0\u00bb \/][\/et_pb_column][et_pb_column type=\u00a0\u00bb1_4&Prime;][et_pb_blurb _builder_version=\u00a0\u00bb3.0.97&Prime; use_icon=\u00a0\u00bboff\u00a0\u00bb image=\u00a0\u00bbhttp:\/\/sno-go.ch\/wp-content\/uploads\/2018\/01\/shield.png\u00a0\u00bb url_new_window=\u00a0\u00bboff\u00a0\u00bb title=\u00a0\u00bbS\u00e9curit\u00e9\u00a0\u00bb use_circle=\u00a0\u00bboff\u00a0\u00bb use_circle_border=\u00a0\u00bboff\u00a0\u00bb icon_placement=\u00a0\u00bbtop\u00a0\u00bb use_icon_font_size=\u00a0\u00bboff\u00a0\u00bb background_layout=\u00a0\u00bblight\u00a0\u00bb image_max_width=\u00a0\u00bb50%\u00a0\u00bb header_text_align=\u00a0\u00bbcenter\u00a0\u00bb \/][\/et_pb_column][et_pb_column type=\u00a0\u00bb1_4&Prime;][et_pb_blurb _builder_version=\u00a0\u00bb3.0.97&Prime; use_icon=\u00a0\u00bboff\u00a0\u00bb image=\u00a0\u00bbhttp:\/\/sno-go.ch\/wp-content\/uploads\/2018\/01\/shipped.png\u00a0\u00bb url_new_window=\u00a0\u00bboff\u00a0\u00bb title=\u00a0\u00bbTransportabilit\u00e9\u00a0\u00bb use_circle=\u00a0\u00bboff\u00a0\u00bb use_circle_border=\u00a0\u00bboff\u00a0\u00bb icon_placement=\u00a0\u00bbtop\u00a0\u00bb use_icon_font_size=\u00a0\u00bboff\u00a0\u00bb background_layout=\u00a0\u00bblight\u00a0\u00bb image_max_width=\u00a0\u00bb50%\u00a0\u00bb header_text_align=\u00a0\u00bbcenter\u00a0\u00bb \/][\/et_pb_column][\/et_pb_row][et_pb_row _builder_version=\u00a0\u00bb3.0.95&Prime;][et_pb_column type=\u00a0\u00bb1_4&Prime;][et_pb_blurb _builder_version=\u00a0\u00bb3.0.97&Prime; use_icon=\u00a0\u00bboff\u00a0\u00bb image=\u00a0\u00bbhttp:\/\/sno-go.ch\/wp-content\/uploads\/2018\/01\/measure.png\u00a0\u00bb url_new_window=\u00a0\u00bboff\u00a0\u00bb title=\u00a0\u00bbEncombrement r\u00e9duit\u00a0\u00bb use_circle=\u00a0\u00bboff\u00a0\u00bb use_circle_border=\u00a0\u00bboff\u00a0\u00bb icon_placement=\u00a0\u00bbtop\u00a0\u00bb use_icon_font_size=\u00a0\u00bboff\u00a0\u00bb background_layout=\u00a0\u00bblight\u00a0\u00bb image_max_width=\u00a0\u00bb50%\u00a0\u00bb header_text_align=\u00a0\u00bbcenter\u00a0\u00bb \/][\/et_pb_column][et_pb_column type=\u00a0\u00bb1_4&Prime;][et_pb_blurb _builder_version=\u00a0\u00bb3.0.97&Prime; use_icon=\u00a0\u00bboff\u00a0\u00bb image=\u00a0\u00bbhttp:\/\/sno-go.ch\/wp-content\/uploads\/2018\/01\/son.png\u00a0\u00bb url_new_window=\u00a0\u00bboff\u00a0\u00bb title=\u00a0\u00bbAdapt\u00e9 \u00e0 tous les \u00e2ges\u00a0\u00bb use_circle=\u00a0\u00bboff\u00a0\u00bb use_circle_border=\u00a0\u00bboff\u00a0\u00bb icon_placement=\u00a0\u00bbtop\u00a0\u00bb use_icon_font_size=\u00a0\u00bboff\u00a0\u00bb background_layout=\u00a0\u00bblight\u00a0\u00bb image_max_width=\u00a0\u00bb50%\u00a0\u00bb header_text_align=\u00a0\u00bbcenter\u00a0\u00bb \/][\/et_pb_column][et_pb_column type=\u00a0\u00bb1_4&Prime;][et_pb_blurb _builder_version=\u00a0\u00bb3.0.97&Prime; use_icon=\u00a0\u00bboff\u00a0\u00bb image=\u00a0\u00bbhttp:\/\/sno-go.ch\/wp-content\/uploads\/2018\/01\/landscape.png\u00a0\u00bb url_new_window=\u00a0\u00bboff\u00a0\u00bb title=\u00a0\u00bbExcellentes performances sur tout type de neige\u00a0\u00bb use_circle=\u00a0\u00bboff\u00a0\u00bb use_circle_border=\u00a0\u00bboff\u00a0\u00bb icon_placement=\u00a0\u00bbtop\u00a0\u00bb use_icon_font_size=\u00a0\u00bboff\u00a0\u00bb background_layout=\u00a0\u00bblight\u00a0\u00bb image_max_width=\u00a0\u00bb50%\u00a0\u00bb header_text_align=\u00a0\u00bbcenter\u00a0\u00bb \/][\/et_pb_column][et_pb_column type=\u00a0\u00bb1_4&Prime;][et_pb_blurb _builder_version=\u00a0\u00bb3.0.97&Prime; use_icon=\u00a0\u00bboff\u00a0\u00bb image=\u00a0\u00bbhttp:\/\/sno-go.ch\/wp-content\/uploads\/2018\/01\/walking.png\u00a0\u00bb url_new_window=\u00a0\u00bboff\u00a0\u00bb title=\u00a0\u00bbPour les skieurs experts et les d\u00e9butants\u00a0\u00bb use_circle=\u00a0\u00bboff\u00a0\u00bb use_circle_border=\u00a0\u00bboff\u00a0\u00bb icon_placement=\u00a0\u00bbtop\u00a0\u00bb use_icon_font_size=\u00a0\u00bboff\u00a0\u00bb background_layout=\u00a0\u00bblight\u00a0\u00bb image_max_width=\u00a0\u00bb50%\u00a0\u00bb header_text_align=\u00a0\u00bbcenter\u00a0\u00bb \/][\/et_pb_column][\/et_pb_row][\/et_pb_section][et_pb_section bb_built=\u00a0\u00bb1&Prime; fullwidth=\u00a0\u00bboff\u00a0\u00bb specialty=\u00a0\u00bboff\u00a0\u00bb _builder_version=\u00a0\u00bb3.0.95&Prime; module_class=\u00a0\u00bbdiagonal-shadow\u00a0\u00bb][et_pb_row _builder_version=\u00a0\u00bb3.0.95&Prime; module_class_1=\u00a0\u00bbvertical-align\u00a0\u00bb module_class_2=\u00a0\u00bbvertical-align\u00a0\u00bb][et_pb_column type=\u00a0\u00bb3_4&Prime;][et_pb_code _builder_version=\u00a0\u00bb3.0.97&Prime;]&lt;video autoplay=&quot;autoplay&quot; loop=&quot;loop&quot; width=&quot;100%&quot;&gt;&lt;source src=&quot;http:\/\/sno-go.ch\/wp-content\/uploads\/2018\/01\/slat.mp4&quot; type=&quot;video\/mp4&quot;&gt;&lt;\/video&gt;[\/et_pb_code][\/et_pb_column][et_pb_column type=\u00a0\u00bb1_4&Prime;][et_pb_text _builder_version=\u00a0\u00bb3.0.97&Prime; background_layout=\u00a0\u00bblight\u00a0\u00bb header_2_text_color=\u00a0\u00bb#ffffff\u00a0\u00bb text_font=\u00a0\u00bb|300|||||||\u00a0\u00bb]<\/p>\n<h2 class=\"header-red\" style=\"margin-bottom: 15px;\">Technologie SLAT<\/h2>\n<h4 style=\"text-align: center;\">Synchronized lateral articulating technology<\/h4>\n<p style=\"text-align: justify;\">SLAT, traduit en fran\u00e7ais, signifie \u00ab technologie articul\u00e9e lat\u00e9rale synchronis\u00e9e \u00bb.<br \/>\nQu\u2019est-ce que cela signifie?<\/p>\n<ul>\n<li style=\"text-align: justify;\">Libert\u00e9 de prendre les virages, freiner et tourner avec le guidon. Les skis maintiennent une position parall\u00e8le et suivent votre mouvement en phase de virage.<\/li>\n<li style=\"text-align: justify;\">Les articulations arri\u00e8re sont mont\u00e9es \u00e0 angle d\u2019incidence, ce qui permet aux skis de maintenir un contr\u00f4le optimal, y compris dans des conditions d\u2019utilisation extr\u00eame.<\/li>\n<\/ul>\n<p>[\/et_pb_text][\/et_pb_column][\/et_pb_row][\/et_pb_section][et_pb_section bb_built=\u00a0\u00bb1&Prime; fullwidth=\u00a0\u00bboff\u00a0\u00bb specialty=\u00a0\u00bboff\u00a0\u00bb _builder_version=\u00a0\u00bb3.0.95&Prime; background_image=\u00a0\u00bbhttp:\/\/sno-go.ch\/wp-content\/uploads\/2018\/01\/Sno-Go_BrandBook_1-1.jpg\u00a0\u00bb parallax=\u00a0\u00bbon\u00a0\u00bb parallax_method=\u00a0\u00bboff\u00a0\u00bb][et_pb_row _builder_version=\u00a0\u00bb3.0.95&Prime; make_equal=\u00a0\u00bbon\u00a0\u00bb module_class_1=\u00a0\u00bbvertical-align\u00a0\u00bb module_class_2=\u00a0\u00bbvertical-align\u00a0\u00bb][et_pb_column type=\u00a0\u00bb1_2&Prime;][et_pb_text _builder_version=\u00a0\u00bb3.0.97&Prime; background_layout=\u00a0\u00bbdark\u00a0\u00bb header_2_font=\u00a0\u00bb|||on|||||\u00a0\u00bb header_2_font_size=\u00a0\u00bb36px\u00a0\u00bb header_2_text_color=\u00a0\u00bb#ffffff\u00a0\u00bb disabled=\u00a0\u00bboff\u00a0\u00bb disabled_on=\u00a0\u00bbon||\u00a0\u00bb]<\/p>\n<h2 style=\"text-shadow: 1px 1px 3px #2f2f2f;\">Apr\u00e8s le succ\u00e8s rencontr\u00e9 aux \u00c9tats-Unis, Sno-Go d\u00e9barque en Suisse!<\/h2>\n<p style=\"text-shadow: 1px 1px 3px #2f2f2f;\">Le Sno-Go est devenu, outre-Atlantique, un v\u00e9ritable ph\u00e9nom\u00e8ne en perp\u00e9tuelle expansion. Gr\u00e2ce \u00e0 Rimotec, le produit est d\u00e9sormais disponible partout en Suisse.<\/p>\n<p>[\/et_pb_text][et_pb_text _builder_version=\u00a0\u00bb3.0.95&Prime; background_layout=\u00a0\u00bbdark\u00a0\u00bb header_2_font=\u00a0\u00bb|||on|||||\u00a0\u00bb header_2_font_size=\u00a0\u00bb36px\u00a0\u00bb header_2_text_color=\u00a0\u00bb#ffffff\u00a0\u00bb disabled=\u00a0\u00bboff\u00a0\u00bb disabled_on=\u00a0\u00bboff|on|on\u00a0\u00bb]<\/p>\n<h2 style=\"text-shadow: #2f2f2f 1px 1px 3px; text-align: center;\">Dopo il successo negli USA, Sno-Go arriva in Svizzera!<\/h2>\n<p style=\"text-shadow: #2f2f2f 1px 1px 3px; text-align: center;\">Sno-Go \u00e8 diventato, oltreoceano, un fenomeno in continua espansione. Grazie a Rimotec il prodotto \u00e8 disponibile in tutta la Svizzera.<\/p>\n<p>[\/et_pb_text][\/et_pb_column][et_pb_column type=\u00a0\u00bb1_2&Prime;][et_pb_image _builder_version=\u00a0\u00bb3.0.95&Prime; show_in_lightbox=\u00a0\u00bboff\u00a0\u00bb url_new_window=\u00a0\u00bboff\u00a0\u00bb src=\u00a0\u00bbhttp:\/\/sno-go.ch\/wp-content\/uploads\/2018\/01\/swi.png\u00a0\u00bb always_center_on_mobile=\u00a0\u00bbon\u00a0\u00bb use_overlay=\u00a0\u00bboff\u00a0\u00bb force_fullwidth=\u00a0\u00bboff\u00a0\u00bb show_bottom_space=\u00a0\u00bbon\u00a0\u00bb \/][\/et_pb_column][\/et_pb_row][\/et_pb_section][et_pb_section bb_built=\u00a0\u00bb1&Prime; fullwidth=\u00a0\u00bboff\u00a0\u00bb specialty=\u00a0\u00bboff\u00a0\u00bb][et_pb_row _builder_version=\u00a0\u00bb3.0.95&Prime; make_equal=\u00a0\u00bbon\u00a0\u00bb module_class_1=\u00a0\u00bbvertical-align\u00a0\u00bb module_class_2=\u00a0\u00bbvertical-align\u00a0\u00bb][et_pb_column type=\u00a0\u00bb1_2&Prime;][et_pb_image _builder_version=\u00a0\u00bb3.0.95&Prime; show_in_lightbox=\u00a0\u00bboff\u00a0\u00bb url_new_window=\u00a0\u00bboff\u00a0\u00bb src=\u00a0\u00bbhttp:\/\/sno-go.ch\/wp-content\/uploads\/2018\/01\/Sno-Go_Bike_HotSpot-3-1.jpg\u00a0\u00bb always_center_on_mobile=\u00a0\u00bbon\u00a0\u00bb use_overlay=\u00a0\u00bboff\u00a0\u00bb force_fullwidth=\u00a0\u00bboff\u00a0\u00bb show_bottom_space=\u00a0\u00bbon\u00a0\u00bb \/][\/et_pb_column][et_pb_column type=\u00a0\u00bb1_2&Prime;][et_pb_text _builder_version=\u00a0\u00bb3.0.97&Prime; background_layout=\u00a0\u00bblight\u00a0\u00bb header_font=\u00a0\u00bb|||on|||||\u00a0\u00bb header_font_size=\u00a0\u00bb38px\u00a0\u00bb disabled=\u00a0\u00bboff\u00a0\u00bb disabled_on=\u00a0\u00bbon||\u00a0\u00bb]<\/p>\n<h1>Le Sno-Go est construit avec les meilleurs mat\u00e9riaux de derni\u00e8re g\u00e9n\u00e9ration et est assembl\u00e9 \u00e0 la main <\/h1>\n<p>[\/et_pb_text][et_pb_text _builder_version=\u00a0\u00bb3.0.97&Prime; background_layout=\u00a0\u00bblight\u00a0\u00bb header_font=\u00a0\u00bb|||on|||||\u00a0\u00bb header_font_size=\u00a0\u00bb38px\u00a0\u00bb disabled=\u00a0\u00bboff\u00a0\u00bb disabled_on=\u00a0\u00bb|on|on\u00a0\u00bb]<\/p>\n<h1 style=\"text-align: center;\">Le Sno-Go est construit avec les meilleurs mat\u00e9riaux de derni\u00e8re g\u00e9n\u00e9ration et est assembl\u00e9 \u00e0 la main<\/h1>\n<p>[\/et_pb_text][\/et_pb_column][\/et_pb_row][\/et_pb_section]<\/p>\n","protected":false},"excerpt":{"rendered":"<p>Sno-Go Si vous savez faire du v\u00e9lo, vous saurez faire du Sno-Go! Que vous ayez envie de profiter de la beaut\u00e9 des paysages de montagne ou de faire de la luge toute la journ\u00e9e avec vos amis, notre \u00ab v\u00e9lo des neiges \u00bb est le choix id\u00e9al. Nous avons uni le mouvement intuitif du v\u00e9lo [&hellip;]<\/p>\n","protected":false},"author":1,"featured_media":0,"parent":0,"menu_order":0,"comment_status":"closed","ping_status":"closed","template":"","meta":{"_et_pb_use_builder":"on","_et_pb_old_content":"","_et_gb_content_width":"","footnotes":""},"_links":{"self":[{"href":"https:\/\/sno-go.ch\/fr\/wp-json\/wp\/v2\/pages\/552"}],"collection":[{"href":"https:\/\/sno-go.ch\/fr\/wp-json\/wp\/v2\/pages"}],"about":[{"href":"https:\/\/sno-go.ch\/fr\/wp-json\/wp\/v2\/types\/page"}],"author":[{"embeddable":true,"href":"https:\/\/sno-go.ch\/fr\/wp-json\/wp\/v2\/users\/1"}],"replies":[{"embeddable":true,"href":"https:\/\/sno-go.ch\/fr\/wp-json\/wp\/v2\/comments?post=552"}],"version-history":[{"count":2,"href":"https:\/\/sno-go.ch\/fr\/wp-json\/wp\/v2\/pages\/552\/revisions"}],"predecessor-version":[{"id":554,"href":"https:\/\/sno-go.ch\/fr\/wp-json\/wp\/v2\/pages\/552\/revisions\/554"}],"wp:attachment":[{"href":"https:\/\/sno-go.ch\/fr\/wp-json\/wp\/v2\/media?parent=552"}],"curies":[{"name":"wp","href":"https:\/\/api.w.org\/{rel}","templated":true}]}}