{"id":540,"date":"2018-01-11T15:06:30","date_gmt":"2018-01-11T14:06:30","guid":{"rendered":"https:\/\/sno-go.ch\/home\/"},"modified":"2018-02-08T09:20:57","modified_gmt":"2018-02-08T08:20:57","slug":"home","status":"publish","type":"page","link":"https:\/\/sno-go.ch\/fr\/","title":{"rendered":"Home"},"content":{"rendered":"<p>[et_pb_section fb_built=\u00a0\u00bb1&Prime; fullwidth=\u00a0\u00bbon\u00a0\u00bb disabled_on=\u00a0\u00bbon|on|\u00a0\u00bb _builder_version=\u00a0\u00bb3.0.95&Prime;][et_pb_fullwidth_slider _builder_version=\u00a0\u00bb3.0.98&Prime; header_level=\u00a0\u00bbh1&Prime; header_font=\u00a0\u00bb|||on|||||\u00a0\u00bb header_font_size=\u00a0\u00bb64&Prime; body_text_align=\u00a0\u00bbleft\u00a0\u00bb body_font_size=\u00a0\u00bb18&Prime; text_orientation=\u00a0\u00bbleft\u00a0\u00bb box_shadow_style=\u00a0\u00bbpreset6&Prime; box_shadow_blur=\u00a0\u00bb10px\u00a0\u00bb box_shadow_color=\u00a0\u00bbrgba(0,0,0,0.1)\u00a0\u00bb show_inner_shadow=\u00a0\u00bbon\u00a0\u00bb][et_pb_slide heading=\u00a0\u00bbLa facilit\u00e9 du v\u00e9lo, l\u2019ivresse de la neige!\u00a0\u00bb button_text=\u00a0\u00bbEn savoir plus\u00a0\u00bb button_link=\u00a0\u00bbhttp:\/\/sno-go.ch\/fr\/sno-go\/\u00a0\u00bb use_bg_overlay=\u00a0\u00bboff\u00a0\u00bb use_text_overlay=\u00a0\u00bboff\u00a0\u00bb _builder_version=\u00a0\u00bb3.0.98&Prime; header_font=\u00a0\u00bb|800||on|||||\u00a0\u00bb header_text_align=\u00a0\u00bbcenter\u00a0\u00bb header_font_size=\u00a0\u00bb48&Prime; header_font_size_tablet=\u00a0\u00bb48&Prime; header_font_size_phone=\u00a0\u00bb48&Prime; body_text_align=\u00a0\u00bbcenter\u00a0\u00bb background_video_mp4=\u00a0\u00bbhttp:\/\/sno-go.ch\/wp-content\/uploads\/2018\/01\/Small-Red-No-Bars.mp4&Prime; text_orientation=\u00a0\u00bbcenter\u00a0\u00bb custom_button=\u00a0\u00bboff\u00a0\u00bb button_on_hover=\u00a0\u00bbon\u00a0\u00bb]Sno-Go unit le mouvement intuitif du v\u00e9lo \u00e0 l\u2019utilisation des skis : un mix parfait pour se donner \u00e0 fond sur n\u2019importe quel type de neige!<br \/>\n[\/et_pb_slide][\/et_pb_fullwidth_slider][\/et_pb_section][et_pb_section fb_built=\u00a0\u00bb1&Prime; fullwidth=\u00a0\u00bbon\u00a0\u00bb disabled_on=\u00a0\u00bboff|off|on\u00a0\u00bb _builder_version=\u00a0\u00bb3.0.95&Prime;][et_pb_fullwidth_code _builder_version=\u00a0\u00bb3.0.98&Prime;]&lt;video autoplay=&quot;autoplay&quot; loop=&quot;loop&quot; width=&quot;100%&quot; &quot;&gt;&lt;source src=&quot;http:\/\/sno-go.ch\/wp-content\/uploads\/2018\/01\/Small-Red-No-Bars.mp4&quot; type=&quot;video\/mp4&quot;&gt;&lt;source=&quot;http:\/\/sno-go.ch\/wp-content\/uploads\/2018\/01\/Small-Red-No-Bars.webm&quot; type=&quot;video\/webm&quot;&lt;\/video&gt;&lt;!&#8211; [et_pb_line_break_holder] &#8211;&gt;[\/et_pb_fullwidth_code][et_pb_fullwidth_code _builder_version=\u00a0\u00bb3.0.98&Prime;]&lt;h1 style=&quot;text-align:center;text-transform: uppercase;&quot;&gt;La facilit\u00e9 du v\u00e9lo, l\u2019ivresse de la neige!&lt;\/h1&gt;&lt;!&#8211; [et_pb_line_break_holder] &#8211;&gt;&lt;p style=&quot;text-align:center&quot;&gt;Sno-Go unit le mouvement intuitif du v\u00e9lo \u00e0 l\u2019utilisation des skis : un mix parfait pour se donner \u00e0 fond sur n\u2019importe quel type de neige!&lt;\/p&gt;[\/et_pb_fullwidth_code][\/et_pb_section][et_pb_section fb_built=\u00a0\u00bb1&Prime; module_class=\u00a0\u00bbdiagonal-shadow\u00a0\u00bb _builder_version=\u00a0\u00bb3.0.95&Prime; background_color_gradient_direction=\u00a0\u00bb183deg\u00a0\u00bb custom_padding=\u00a0\u00bb||0px|\u00a0\u00bb][et_pb_row use_custom_gutter=\u00a0\u00bbon\u00a0\u00bb gutter_width=\u00a0\u00bb2&Prime; custom_padding=\u00a0\u00bb20px|||\u00a0\u00bb make_equal=\u00a0\u00bbon\u00a0\u00bb background_video_width_2=\u00a0\u00bb 1920&Prime; background_video_height_2=\u00a0\u00bb 1080&Prime; _builder_version=\u00a0\u00bb3.0.95&Prime; background_size=\u00a0\u00bbinitial\u00a0\u00bb background_position=\u00a0\u00bbtop_left\u00a0\u00bb background_repeat=\u00a0\u00bbrepeat\u00a0\u00bb][et_pb_column type=\u00a0\u00bb4_4&Prime; _builder_version=\u00a0\u00bb3.0.47&Prime; parallax=\u00a0\u00bboff\u00a0\u00bb parallax_method=\u00a0\u00bbon\u00a0\u00bb][et_pb_text _builder_version=\u00a0\u00bb3.0.98&Prime; header_font=\u00a0\u00bb|700||on|||||\u00a0\u00bb header_font_size=\u00a0\u00bb48&Prime; header_text_color=\u00a0\u00bb#ffffff\u00a0\u00bb header_2_font=\u00a0\u00bb|||on|||||\u00a0\u00bb]<\/p>\n<h1 class=\"header-red\" style=\"text-align: center;\">ACCESSIBLE \u00c0 TOUS!<\/h1>\n<h2 class=\"header-yellow\">Si vous savez faire du v\u00e9lo, Sno-Go est fait pour vous!<\/h2>\n<p>[\/et_pb_text][\/et_pb_column][\/et_pb_row][et_pb_row _builder_version=\u00a0\u00bb3.0.95&Prime; border_width_bottom=\u00a0\u00bb1px\u00a0\u00bb border_color_bottom=\u00a0\u00bb#d8d8d8&Prime;][et_pb_column type=\u00a0\u00bb1_4&Prime; _builder_version=\u00a0\u00bb3.0.47&Prime; parallax=\u00a0\u00bboff\u00a0\u00bb parallax_method=\u00a0\u00bbon\u00a0\u00bb][\/et_pb_column][et_pb_column type=\u00a0\u00bb1_2&Prime; _builder_version=\u00a0\u00bb3.0.47&Prime; parallax=\u00a0\u00bboff\u00a0\u00bb parallax_method=\u00a0\u00bbon\u00a0\u00bb][et_pb_text disabled_on=\u00a0\u00bboff|off|off\u00a0\u00bb _builder_version=\u00a0\u00bb3.0.98&Prime;]<video poster=\"http:\/\/sno-go.ch\/wp-content\/uploads\/2018\/01\/vv.jpg\" autoplay=\"autoplay\" loop=\"loop\" width=\"400\" height=\"239\"><source src=\"http:\/\/sno-go.ch\/wp-content\/uploads\/2018\/01\/slat.mp4\" type=\"video\/mp4\" \/><\/video><br \/>\n[\/et_pb_text][\/et_pb_column][et_pb_column type=\u00a0\u00bb1_4&Prime; _builder_version=\u00a0\u00bb3.0.47&Prime; parallax=\u00a0\u00bboff\u00a0\u00bb parallax_method=\u00a0\u00bbon\u00a0\u00bb][\/et_pb_column][\/et_pb_row][\/et_pb_section][et_pb_section fb_built=\u00a0\u00bb1&Prime; _builder_version=\u00a0\u00bb3.0.95&Prime;][et_pb_row make_fullwidth=\u00a0\u00bbon\u00a0\u00bb _builder_version=\u00a0\u00bb3.0.95&Prime;][et_pb_column type=\u00a0\u00bb2_3&Prime; _builder_version=\u00a0\u00bb3.0.47&Prime; parallax=\u00a0\u00bboff\u00a0\u00bb parallax_method=\u00a0\u00bbon\u00a0\u00bb][et_pb_gallery gallery_ids=\u00a0\u00bb58,59,60,62&Prime; fullwidth=\u00a0\u00bbon\u00a0\u00bb _builder_version=\u00a0\u00bb3.0.98&Prime; pagination_font_size_tablet=\u00a0\u00bb51&Prime; pagination_line_height_tablet=\u00a0\u00bb2&Prime;][\/et_pb_gallery][\/et_pb_column][et_pb_column type=\u00a0\u00bb1_3&Prime; _builder_version=\u00a0\u00bb3.0.47&Prime; parallax=\u00a0\u00bboff\u00a0\u00bb parallax_method=\u00a0\u00bbon\u00a0\u00bb][et_pb_text _builder_version=\u00a0\u00bb3.0.98&Prime;]<video poster=\"http:\/\/sno-go.ch\/wp-content\/uploads\/2018\/01\/v1.jpg\" autoplay=\"autoplay\" loop=\"loop\" width=\"100%\" height=\" \"><source src=\"http:\/\/sno-go.ch\/wp-content\/uploads\/2018\/01\/893016114.mp4\" type=\"video\/mp4\" \/><\/video><br \/>\n<video poster=\"http:\/\/sno-go.ch\/wp-content\/uploads\/2018\/01\/v2.jpg\" autoplay=\"autoplay\" loop=\"loop\" width=\"100%\" height=\" \"><source src=\"http:\/\/sno-go.ch\/wp-content\/uploads\/2018\/01\/893015550.mp4\" type=\"video\/mp4\" \/><\/video><br \/>\n[\/et_pb_text][\/et_pb_column][\/et_pb_row][\/et_pb_section][et_pb_section fb_built=\u00a0\u00bb1&Prime; background_color=\u00a0\u00bb#ff0000&Prime; module_class=\u00a0\u00bbdiagonal-shadow\u00a0\u00bb _builder_version=\u00a0\u00bb3.0.95&Prime; background_color_gradient_direction=\u00a0\u00bb183deg\u00a0\u00bb parallax=\u00a0\u00bbon\u00a0\u00bb custom_padding=\u00a0\u00bb0px||0px|\u00a0\u00bb][et_pb_row make_equal=\u00a0\u00bbon\u00a0\u00bb module_class_1=\u00a0\u00bbvertical-align\u00a0\u00bb module_class_2=\u00a0\u00bbvertical-align\u00a0\u00bb disabled_on=\u00a0\u00bbon||\u00a0\u00bb _builder_version=\u00a0\u00bb3.0.95&Prime; module_alignment=\u00a0\u00bbcenter\u00a0\u00bb][et_pb_column type=\u00a0\u00bb2_3&Prime; _builder_version=\u00a0\u00bb3.0.47&Prime; parallax=\u00a0\u00bboff\u00a0\u00bb parallax_method=\u00a0\u00bbon\u00a0\u00bb module_class=\u00a0\u00bbvertical-align\u00a0\u00bb][et_pb_text _builder_version=\u00a0\u00bb3.0.98&Prime; header_font=\u00a0\u00bb|700||on|||||\u00a0\u00bb header_text_align=\u00a0\u00bbleft\u00a0\u00bb header_font_size=\u00a0\u00bb48px\u00a0\u00bb header_text_color=\u00a0\u00bb#ffffff\u00a0\u00bb header_2_font=\u00a0\u00bb|700||on|||||\u00a0\u00bb header_2_font_size=\u00a0\u00bb28px\u00a0\u00bb header_2_text_color=\u00a0\u00bb#ffffff\u00a0\u00bb]<\/p>\n<h1 style=\"text-align: left;text-transform: uppercase;\">Vid\u00e9os<\/h1>\n<h2>D\u2019un tutoriel facile et intuitif aux situations les plus extr\u00eames: d\u00e9couvrez toutes les vid\u00e9os<\/h2>\n<p>[\/et_pb_text][\/et_pb_column][et_pb_column type=\u00a0\u00bb1_3&Prime; _builder_version=\u00a0\u00bb3.0.47&Prime; parallax=\u00a0\u00bboff\u00a0\u00bb parallax_method=\u00a0\u00bbon\u00a0\u00bb module_class=\u00a0\u00bbvertical-align\u00a0\u00bb][et_pb_button button_url=\u00a0\u00bbhttp:\/\/sno-go.ch\/fr\/video\/\u00a0\u00bb button_text=\u00a0\u00bbRegardez les vid\u00e9os\u00a0\u00bb button_alignment=\u00a0\u00bbleft\u00a0\u00bb _builder_version=\u00a0\u00bb3.0.98&Prime; custom_button=\u00a0\u00bbon\u00a0\u00bb button_text_color=\u00a0\u00bb#ff0000&Prime; button_bg_color=\u00a0\u00bb#f8d44c\u00a0\u00bb button_border_color=\u00a0\u00bb#f8d44c\u00a0\u00bb button_font=\u00a0\u00bb|||on|||||\u00a0\u00bb button_use_icon=\u00a0\u00bboff\u00a0\u00bb][\/et_pb_button][\/et_pb_column][\/et_pb_row][et_pb_row make_equal=\u00a0\u00bbon\u00a0\u00bb module_class_1=\u00a0\u00bbvertical-align\u00a0\u00bb module_class_2=\u00a0\u00bbvertical-align\u00a0\u00bb disabled_on=\u00a0\u00bboff|on|on\u00a0\u00bb _builder_version=\u00a0\u00bb3.0.95&Prime; module_alignment=\u00a0\u00bbcenter\u00a0\u00bb][et_pb_column type=\u00a0\u00bb2_3&Prime; _builder_version=\u00a0\u00bb3.0.47&Prime; parallax=\u00a0\u00bboff\u00a0\u00bb parallax_method=\u00a0\u00bbon\u00a0\u00bb module_class=\u00a0\u00bbvertical-align\u00a0\u00bb][et_pb_text _builder_version=\u00a0\u00bb3.0.98&Prime; header_font=\u00a0\u00bb|700||on|||||\u00a0\u00bb header_text_align=\u00a0\u00bbleft\u00a0\u00bb header_font_size=\u00a0\u00bb48px\u00a0\u00bb header_text_color=\u00a0\u00bb#ffffff\u00a0\u00bb header_2_font=\u00a0\u00bb|700||on|||||\u00a0\u00bb header_2_font_size=\u00a0\u00bb28px\u00a0\u00bb header_2_text_color=\u00a0\u00bb#ffffff\u00a0\u00bb]<\/p>\n<h1 style=\"text-align: center;text-transform: uppercase;\">Vid\u00e9os<\/h1>\n<h2 style=\"text-align: center;\">D\u2019un tutoriel facile et intuitif aux situations les plus extr\u00eames : d\u00e9couvrez toutes les vid\u00e9os<\/h2>\n<p>[\/et_pb_text][\/et_pb_column][et_pb_column type=\u00a0\u00bb1_3&Prime; _builder_version=\u00a0\u00bb3.0.47&Prime; parallax=\u00a0\u00bboff\u00a0\u00bb parallax_method=\u00a0\u00bbon\u00a0\u00bb module_class=\u00a0\u00bbvertical-align\u00a0\u00bb][et_pb_button button_url=\u00a0\u00bbhttp:\/\/sno-go.ch\/fr\/video\/\u00a0\u00bb button_text=\u00a0\u00bbRegardez les vid\u00e9os\u00a0\u00bb button_alignment=\u00a0\u00bbcenter\u00a0\u00bb _builder_version=\u00a0\u00bb3.0.98&Prime; custom_button=\u00a0\u00bbon\u00a0\u00bb button_text_color=\u00a0\u00bb#ff0000&Prime; button_bg_color=\u00a0\u00bb#f8d44c\u00a0\u00bb button_border_color=\u00a0\u00bb#f8d44c\u00a0\u00bb button_font=\u00a0\u00bb|||on|||||\u00a0\u00bb button_use_icon=\u00a0\u00bboff\u00a0\u00bb][\/et_pb_button][\/et_pb_column][\/et_pb_row][\/et_pb_section][et_pb_section fb_built=\u00a0\u00bb1&Prime; _builder_version=\u00a0\u00bb3.0.95&Prime; background_image=\u00a0\u00bbhttp:\/\/sno-go.ch\/wp-content\/uploads\/2018\/01\/Sno-Go_BrandBook_1.jpg\u00a0\u00bb parallax=\u00a0\u00bbon\u00a0\u00bb parallax_method=\u00a0\u00bboff\u00a0\u00bb][et_pb_row _builder_version=\u00a0\u00bb3.0.95&Prime;][et_pb_column type=\u00a0\u00bb4_4&Prime; _builder_version=\u00a0\u00bb3.0.47&Prime; parallax=\u00a0\u00bboff\u00a0\u00bb parallax_method=\u00a0\u00bbon\u00a0\u00bb][et_pb_text _builder_version=\u00a0\u00bb3.0.98&Prime; header_font=\u00a0\u00bb|||on|||||\u00a0\u00bb header_text_color=\u00a0\u00bb#ffffff\u00a0\u00bb header_3_text_color=\u00a0\u00bb#ffffff\u00a0\u00bb header_3_line_height=\u00a0\u00bb2.5em\u00a0\u00bb]<\/p>\n<h1 class=\"header-red\" style=\"text-align: center;\">La communaut\u00e9 Sno-Go ne cesse de s\u2019agrandir!<\/h1>\n<h3 style=\"text-align: center; line-height: 1em; margin-top: 15px;\"><a style=\"color: white; text-shadow: 1px 1px 6px black; border-bottom: 1px dashed;\" href=\"http:\/\/sno-go.ch\/fr\/testimonial\/\">D\u00e9couvrez les t\u00e9moignages de certains utilisateurs!<\/a><\/h3>\n<p>[\/et_pb_text][\/et_pb_column][\/et_pb_row][et_pb_row _builder_version=\u00a0\u00bb3.0.95&Prime;][et_pb_column type=\u00a0\u00bb1_2&Prime; _builder_version=\u00a0\u00bb3.0.47&Prime; parallax=\u00a0\u00bboff\u00a0\u00bb parallax_method=\u00a0\u00bbon\u00a0\u00bb][et_pb_video src=\u00a0\u00bbhttp:\/\/sno-go.ch\/wp-content\/uploads\/video\/niceeasy-fr.mp4&Prime; src_webm=\u00a0\u00bbhttp:\/\/sno-go.ch\/wp-content\/uploads\/video\/niceeasy-fr.webm\u00a0\u00bb image_src=\u00a0\u00bbhttp:\/\/sno-go.ch\/wp-content\/uploads\/2018\/01\/preview-2.jpg\u00a0\u00bb play_icon_color=\u00a0\u00bb#ff0000&Prime; _builder_version=\u00a0\u00bb3.0.98&Prime; custom_margin=\u00a0\u00bb||0px|\u00a0\u00bb][\/et_pb_video][et_pb_text _builder_version=\u00a0\u00bb3.0.98&Prime; text_font_size=\u00a0\u00bb16px\u00a0\u00bb text_text_color=\u00a0\u00bb#ffffff\u00a0\u00bb background_color=\u00a0\u00bbrgba(255,0,0,0.9)\u00a0\u00bb text_orientation=\u00a0\u00bbcenter\u00a0\u00bb custom_padding=\u00a0\u00bb5px||5px|\u00a0\u00bb]Facile et amusant<br \/>\n[\/et_pb_text][\/et_pb_column][et_pb_column type=\u00a0\u00bb1_2&Prime; _builder_version=\u00a0\u00bb3.0.47&Prime; parallax=\u00a0\u00bboff\u00a0\u00bb parallax_method=\u00a0\u00bbon\u00a0\u00bb][et_pb_video src=\u00a0\u00bbhttp:\/\/sno-go.ch\/wp-content\/uploads\/video\/sorella-fr.mp4&Prime; src_webm=\u00a0\u00bbhttp:\/\/sno-go.ch\/wp-content\/uploads\/video\/sorella-fr.webm\u00a0\u00bb image_src=\u00a0\u00bbhttp:\/\/sno-go.ch\/wp-content\/uploads\/2018\/01\/preview-1-1.jpg\u00a0\u00bb play_icon_color=\u00a0\u00bb#ff0000&Prime; _builder_version=\u00a0\u00bb3.0.98&Prime; custom_margin=\u00a0\u00bb||0px|\u00a0\u00bb][\/et_pb_video][et_pb_text _builder_version=\u00a0\u00bb3.0.98&Prime; text_font_size=\u00a0\u00bb16px\u00a0\u00bb text_text_color=\u00a0\u00bb#ffffff\u00a0\u00bb background_color=\u00a0\u00bbrgba(255,0,0,0.9)\u00a0\u00bb text_orientation=\u00a0\u00bbcenter\u00a0\u00bb custom_padding=\u00a0\u00bb5px||5px|\u00a0\u00bb]Nate et sa s\u0153ur<br \/>\n[\/et_pb_text][\/et_pb_column][\/et_pb_row][\/et_pb_section][et_pb_section fb_built=\u00a0\u00bb1&Prime; _builder_version=\u00a0\u00bb3.0.95&Prime; background_color_gradient_direction=\u00a0\u00bb90deg\u00a0\u00bb custom_padding=\u00a0\u00bb0px||0px|\u00a0\u00bb][et_pb_row use_custom_width=\u00a0\u00bbon\u00a0\u00bb width_unit=\u00a0\u00bboff\u00a0\u00bb custom_width_percent=\u00a0\u00bb100%\u00a0\u00bb use_custom_gutter=\u00a0\u00bbon\u00a0\u00bb gutter_width=\u00a0\u00bb1&Prime; custom_padding=\u00a0\u00bb0px||0px|\u00a0\u00bb make_equal=\u00a0\u00bbon\u00a0\u00bb background_color_1=\u00a0\u00bb#ff0000&Prime; background_color_2=\u00a0\u00bb#f8d44c\u00a0\u00bb padding_top_1=\u00a0\u00bb70px\u00a0\u00bb padding_bottom_1=\u00a0\u00bb70px\u00a0\u00bb padding_left_1=\u00a0\u00bb120px\u00a0\u00bb padding_top_2=\u00a0\u00bb70px\u00a0\u00bb padding_right_2=\u00a0\u00bb20px\u00a0\u00bb padding_bottom_2=\u00a0\u00bb70px\u00a0\u00bb padding_left_2=\u00a0\u00bb30px\u00a0\u00bb padding_1_tablet=\u00a0\u00bb70px|20px|70px|120px\u00a0\u00bb padding_1_phone=\u00a0\u00bb70px|20px|70px|30px\u00a0\u00bb padding_1_last_edited=\u00a0\u00bbon|tablet\u00a0\u00bb _builder_version=\u00a0\u00bb3.0.95&Prime;][et_pb_column type=\u00a0\u00bb1_2&Prime; _builder_version=\u00a0\u00bb3.0.47&Prime; padding_phone=\u00a0\u00bb70px|20px|70px|30px\u00a0\u00bb padding_tablet=\u00a0\u00bb70px|20px|70px|120px\u00a0\u00bb padding_last_edited=\u00a0\u00bbon|tablet\u00a0\u00bb padding_bottom=\u00a0\u00bb70px\u00a0\u00bb padding_left=\u00a0\u00bb120px\u00a0\u00bb padding_top=\u00a0\u00bb70px\u00a0\u00bb background_color=\u00a0\u00bb#ff0000&Prime; parallax=\u00a0\u00bboff\u00a0\u00bb parallax_method=\u00a0\u00bbon\u00a0\u00bb][et_pb_text disabled_on=\u00a0\u00bbon||\u00a0\u00bb _builder_version=\u00a0\u00bb3.0.100&Prime; header_text_color=\u00a0\u00bb#ffffff\u00a0\u00bb header_2_font=\u00a0\u00bb|||on|||||\u00a0\u00bb header_2_font_size=\u00a0\u00bb30px\u00a0\u00bb header_2_text_color=\u00a0\u00bb#ffffff\u00a0\u00bb header_3_text_color=\u00a0\u00bb#ffffff\u00a0\u00bb header_4_font=\u00a0\u00bb|||on|||||\u00a0\u00bb header_4_text_color=\u00a0\u00bb#ffffff\u00a0\u00bb custom_margin=\u00a0\u00bb||0px|\u00a0\u00bb]<\/p>\n<h2>L\u2019exp\u00e9rience Sno-Go commence ici!<\/h2>\n<h4>Achetez d\u00e8s maintenant votre Sno-Go<\/h4>\n<p>[\/et_pb_text][et_pb_text disabled_on=\u00a0\u00bb|on|on\u00a0\u00bb _builder_version=\u00a0\u00bb3.0.98&Prime; header_text_color=\u00a0\u00bb#ffffff\u00a0\u00bb header_2_font=\u00a0\u00bb|||on|||||\u00a0\u00bb header_2_font_size=\u00a0\u00bb30px\u00a0\u00bb header_2_text_color=\u00a0\u00bb#ffffff\u00a0\u00bb header_3_text_color=\u00a0\u00bb#ffffff\u00a0\u00bb header_4_font=\u00a0\u00bb|||on|||||\u00a0\u00bb header_4_text_color=\u00a0\u00bb#ffffff\u00a0\u00bb custom_margin=\u00a0\u00bb||0px|\u00a0\u00bb]<\/p>\n<h2 style=\"text-align: center;\">L\u2019exp\u00e9rience Sno-Go commence ici!<\/h2>\n<h4 style=\"text-align: center;\">Achetez d\u00e8s maintenant votre Sno-Go<\/h4>\n<p>[\/et_pb_text][et_pb_button button_url=\u00a0\u00bb\/fr\/shop\u00a0\u00bb url_new_window=\u00a0\u00bbon\u00a0\u00bb button_text=\u00a0\u00bbAller \u00e0 la boutique\u00a0\u00bb button_alignment=\u00a0\u00bbleft\u00a0\u00bb disabled_on=\u00a0\u00bbon||\u00a0\u00bb _builder_version=\u00a0\u00bb3.0.100&Prime; custom_button=\u00a0\u00bbon\u00a0\u00bb button_text_color=\u00a0\u00bb#ffffff\u00a0\u00bb button_bg_color=\u00a0\u00bbrgba(0,0,0,0.2)\u00a0\u00bb button_border_width=\u00a0\u00bb0&Prime; button_on_hover=\u00a0\u00bboff\u00a0\u00bb][\/et_pb_button][et_pb_button button_url=\u00a0\u00bb\/fr\/shop\u00a0\u00bb url_new_window=\u00a0\u00bbon\u00a0\u00bb button_text=\u00a0\u00bbAller \u00e0 la boutique\u00a0\u00bb button_alignment=\u00a0\u00bbcenter\u00a0\u00bb disabled_on=\u00a0\u00bb|on|on\u00a0\u00bb _builder_version=\u00a0\u00bb3.0.100&Prime; custom_button=\u00a0\u00bbon\u00a0\u00bb button_text_color=\u00a0\u00bb#ffffff\u00a0\u00bb button_bg_color=\u00a0\u00bbrgba(0,0,0,0.2)\u00a0\u00bb button_border_width=\u00a0\u00bb0&Prime; button_on_hover=\u00a0\u00bboff\u00a0\u00bb][\/et_pb_button][\/et_pb_column][et_pb_column type=\u00a0\u00bb1_2&Prime; _builder_version=\u00a0\u00bb3.0.47&Prime; padding_bottom=\u00a0\u00bb70px\u00a0\u00bb padding_left=\u00a0\u00bb30px\u00a0\u00bb padding_right=\u00a0\u00bb20px\u00a0\u00bb padding_top=\u00a0\u00bb70px\u00a0\u00bb background_color=\u00a0\u00bb#f8d44c\u00a0\u00bb parallax=\u00a0\u00bboff\u00a0\u00bb parallax_method=\u00a0\u00bbon\u00a0\u00bb][et_pb_text disabled_on=\u00a0\u00bbon||\u00a0\u00bb _builder_version=\u00a0\u00bb3.0.98&Prime; text_font=\u00a0\u00bb|||on|||||\u00a0\u00bb header_2_font_size=\u00a0\u00bb30px\u00a0\u00bb custom_margin=\u00a0\u00bb||0px|\u00a0\u00bb]<\/p>\n<h2>Sno-Go est une marque Rimotec en exclusivit\u00e9 pour la Suisse<\/h2>\n<h4>Rimotec, le sp\u00e9cialiste de la neige depuis 40 ans!<\/h4>\n<p>[\/et_pb_text][et_pb_text disabled_on=\u00a0\u00bboff|on|on\u00a0\u00bb _builder_version=\u00a0\u00bb3.0.98&Prime; text_font=\u00a0\u00bb|||on|||||\u00a0\u00bb header_2_font_size=\u00a0\u00bb30px\u00a0\u00bb custom_margin=\u00a0\u00bb||0px|\u00a0\u00bb]<\/p>\n<h2 style=\"text-align: center;\">Sno-Go est une marque Rimotec en exclusivit\u00e9 pour la Suisse<\/h2>\n<h4 style=\"text-align: center;\">Rimotec, le sp\u00e9cialiste de la neige depuis 40 ans!<\/h4>\n<p>[\/et_pb_text][et_pb_image src=\u00a0\u00bbhttp:\/\/sno-go.ch\/wp-content\/uploads\/2018\/01\/logo.png\u00a0\u00bb url=\u00a0\u00bbhttps:\/\/www.rimotec.ch\/fr\/\u00a0\u00bb url_new_window=\u00a0\u00bbon\u00a0\u00bb _builder_version=\u00a0\u00bb3.0.98&Prime; custom_margin=\u00a0\u00bb15px|||\u00a0\u00bb][\/et_pb_image][\/et_pb_column][\/et_pb_row][\/et_pb_section]<\/p>\n","protected":false},"excerpt":{"rendered":"<p>Sno-Go unit le mouvement intuitif du v\u00e9lo \u00e0 l\u2019utilisation des skis : un mix parfait pour se donner \u00e0 fond sur n\u2019importe quel type de neige! &lt;video autoplay=&quot;autoplay&quot; loop=&quot;loop&quot; width=&quot;100%&quot; &quot;&gt;&lt;source src=&quot;http:\/\/sno-go.ch\/wp-content\/uploads\/2018\/01\/Small-Red-No-Bars.mp4&quot; type=&quot;video\/mp4&quot;&gt;&lt;source=&quot;http:\/\/sno-go.ch\/wp-content\/uploads\/2018\/01\/Small-Red-No-Bars.webm&quot; type=&quot;video\/webm&quot;&lt;\/video&gt;&lt;!&#8211; [et_pb_line_break_holder] &#8211;&gt;&lt;h1 style=&quot;text-align:center;text-transform: uppercase;&quot;&gt;La facilit\u00e9 du v\u00e9lo, l\u2019ivresse de la neige!&lt;\/h1&gt;&lt;!&#8211; [et_pb_line_break_holder] &#8211;&gt;&lt;p style=&quot;text-align:center&quot;&gt;Sno-Go unit le mouvement intuitif du v\u00e9lo \u00e0 [&hellip;]<\/p>\n","protected":false},"author":1,"featured_media":0,"parent":0,"menu_order":0,"comment_status":"closed","ping_status":"closed","template":"","meta":{"_et_pb_use_builder":"on","_et_pb_old_content":"","_et_gb_content_width":"","footnotes":""},"_links":{"self":[{"href":"https:\/\/sno-go.ch\/fr\/wp-json\/wp\/v2\/pages\/540"}],"collection":[{"href":"https:\/\/sno-go.ch\/fr\/wp-json\/wp\/v2\/pages"}],"about":[{"href":"https:\/\/sno-go.ch\/fr\/wp-json\/wp\/v2\/types\/page"}],"author":[{"embeddable":true,"href":"https:\/\/sno-go.ch\/fr\/wp-json\/wp\/v2\/users\/1"}],"replies":[{"embeddable":true,"href":"https:\/\/sno-go.ch\/fr\/wp-json\/wp\/v2\/comments?post=540"}],"version-history":[{"count":16,"href":"https:\/\/sno-go.ch\/fr\/wp-json\/wp\/v2\/pages\/540\/revisions"}],"predecessor-version":[{"id":770,"href":"https:\/\/sno-go.ch\/fr\/wp-json\/wp\/v2\/pages\/540\/revisions\/770"}],"wp:attachment":[{"href":"https:\/\/sno-go.ch\/fr\/wp-json\/wp\/v2\/media?parent=540"}],"curies":[{"name":"wp","href":"https:\/\/api.w.org\/{rel}","templated":true}]}}