{"id":681,"date":"2018-01-12T15:34:00","date_gmt":"2018-01-12T14:34:00","guid":{"rendered":"https:\/\/sno-go.ch\/video\/"},"modified":"2018-01-24T16:28:24","modified_gmt":"2018-01-24T15:28:24","slug":"videos","status":"publish","type":"page","link":"https:\/\/sno-go.ch\/de\/videos\/","title":{"rendered":"Videos"},"content":{"rendered":"<p>[et_pb_section bb_built=&#8220;1&#8243; _builder_version=&#8220;3.0.95&#8243; background_image=&#8220;http:\/\/sno-go.ch\/wp-content\/uploads\/2018\/01\/Sno-Go_BrandBook_2-1.jpg&#8220;][et_pb_row _builder_version=&#8220;3.0.95&#8243; custom_padding=&#8220;||0px|&#8220;][et_pb_column type=&#8220;4_4&#8243;][et_pb_text _builder_version=&#8220;3.0.98&#8243; background_layout=&#8220;light&#8220; header_font=&#8220;|||on|||||&#8220; header_font_size=&#8220;50px&#8220; header_2_font=&#8220;|||on|||||&#8220; header_text_color=&#8220;#ffffff&#8220; custom_padding=&#8220;||0px|&#8220;]<\/p>\n<h1 class=\"header-red\">Videos<\/h1>\n<h2 class=\"header-yellow\">Es folgen einige Videos zu Sno-Go mit deutschen Untertiteln<\/h2>\n<p>[\/et_pb_text][\/et_pb_column][\/et_pb_row][\/et_pb_section][et_pb_section bb_built=&#8220;1&#8243; fullwidth=&#8220;off&#8220; specialty=&#8220;off&#8220; _builder_version=&#8220;3.0.95&#8243; module_class=&#8220;diagonal-shadow&#8220;][et_pb_row _builder_version=&#8220;3.0.95&#8243; custom_padding=&#8220;0px|||&#8220;][et_pb_column type=&#8220;4_4&#8243;][et_pb_text _builder_version=&#8220;3.0.98&#8243; background_layout=&#8220;light&#8220; custom_margin=&#8220;0px|||&#8220; custom_padding=&#8220;0px|||&#8220; text_font=&#8220;|300|||||||&#8220; text_font_size=&#8220;18px&#8220; header_2_font=&#8220;|800||on|||||&#8220; header_2_text_align=&#8220;center&#8220;]<\/p>\n<h2 style=\"text-align: center;\">Tutorial<\/h2>\n<p style=\"text-align: center;\">Die Handhabung von Sno-Go ist in wenigen, einfachen Schritten erkl\u00e4rt: Sicherheitsleine und Haken, die Gelenke f\u00fcr die Bewegungen, wie Sessellifte zu benutzen sind, Richtungswechsel und Bremsen, die h\u00e4ufigsten Fehler.<\/p>\n<p>[\/et_pb_text][et_pb_video _builder_version=&#8220;3.0.98&#8243; image_src=&#8220;http:\/\/sno-go.ch\/wp-content\/uploads\/2018\/01\/preview-3.jpg&#8220; src=&#8220;http:\/\/sno-go.ch\/wp-content\/uploads\/video\/tutorial-de.mp4&#8243; play_icon_color=&#8220;#ff0000&#8243; src_webm=&#8220;http:\/\/sno-go.ch\/wp-content\/uploads\/video\/tutorial-de.webm&#8220; \/][\/et_pb_column][\/et_pb_row][\/et_pb_section][et_pb_section bb_built=&#8220;1&#8243; fullwidth=&#8220;off&#8220; specialty=&#8220;off&#8220; _builder_version=&#8220;3.0.95&#8243; background_image=&#8220;http:\/\/sno-go.ch\/wp-content\/uploads\/2018\/01\/background.jpg&#8220; parallax=&#8220;on&#8220; parallax_method=&#8220;off&#8220;][et_pb_row _builder_version=&#8220;3.0.95&#8243; make_equal=&#8220;on&#8220; module_class_1=&#8220;vertical-align&#8220; module_class_2=&#8220;vertical-align&#8220;][et_pb_column type=&#8220;1_3&#8243;][et_pb_text _builder_version=&#8220;3.0.98&#8243; background_layout=&#8220;dark&#8220; text_font_size=&#8220;20px&#8220; header_2_font=&#8220;|||on|||||&#8220; header_2_font_size=&#8220;28px&#8220; header_font_size=&#8220;32px&#8220; background_color=&#8220;#ff0000&#8243; header_text_color=&#8220;#ffffff&#8220; header_2_text_color=&#8220;#ffffff&#8220; custom_padding=&#8220;1em|1em|1em|1em&#8220; text_font=&#8220;|300|||||||&#8220;]<\/p>\n<h2>Nate und seine Schwester<\/h2>\n<p>Nate sagt: \u00abWarum soll meine Schwester zusehen, wie die anderen Spass haben?\u00bb Mit Sno-Go wird Schnee zum Spass f\u00fcr alle!<\/p>\n<p>[\/et_pb_text][\/et_pb_column][et_pb_column type=&#8220;2_3&#8243;][et_pb_video _builder_version=&#8220;3.0.98&#8243; image_src=&#8220;http:\/\/sno-go.ch\/wp-content\/uploads\/2018\/01\/preview-1-1.jpg&#8220; src=&#8220;http:\/\/sno-go.ch\/wp-content\/uploads\/video\/sorella-de.mp4&#8243; play_icon_color=&#8220;#ff0000&#8243; src_webm=&#8220;http:\/\/sno-go.ch\/wp-content\/uploads\/video\/sorella-de.webm&#8220; \/][\/et_pb_column][\/et_pb_row][\/et_pb_section][et_pb_section bb_built=&#8220;1&#8243; fullwidth=&#8220;off&#8220; specialty=&#8220;off&#8220;][et_pb_row _builder_version=&#8220;3.0.95&#8243; make_equal=&#8220;on&#8220; module_class_1=&#8220;vertical-align&#8220; module_class_2=&#8220;vertical-align&#8220;][et_pb_column type=&#8220;2_3&#8243;][et_pb_video _builder_version=&#8220;3.0.98&#8243; image_src=&#8220;http:\/\/sno-go.ch\/wp-content\/uploads\/2018\/01\/preview-2.jpg&#8220; src=&#8220;http:\/\/sno-go.ch\/wp-content\/uploads\/video\/niceeasy-de.mp4&#8243; play_icon_color=&#8220;#ff0000&#8243; src_webm=&#8220;http:\/\/sno-go.ch\/wp-content\/uploads\/video\/niceeasy-de.webm&#8220; \/][\/et_pb_column][et_pb_column type=&#8220;1_3&#8243;][et_pb_text _builder_version=&#8220;3.0.98&#8243; background_layout=&#8220;light&#8220; text_font_size=&#8220;20px&#8220; header_2_font=&#8220;|||on|||||&#8220; header_2_font_size=&#8220;28px&#8220; header_font_size=&#8220;32px&#8220; text_font=&#8220;|300|||||||&#8220;]<\/p>\n<h2>Einfach viel Spass<\/h2>\n<p>Er sagt: \u00abIch bin 55 und seit 40 Jahren nicht mehr Ski gelaufen, mit Sno-Go f\u00fchle ich mich wohl. Sie: \u00abDu kannst so schnell fahren wie du willst, es h\u00e4ngt von dir ab.\u00bb<\/p>\n<p>[\/et_pb_text][\/et_pb_column][\/et_pb_row][\/et_pb_section][et_pb_section bb_built=&#8220;1&#8243; fullwidth=&#8220;off&#8220; specialty=&#8220;off&#8220; _builder_version=&#8220;3.0.95&#8243; background_image=&#8220;http:\/\/sno-go.ch\/wp-content\/uploads\/2018\/01\/background.jpg&#8220; parallax=&#8220;on&#8220; parallax_method=&#8220;off&#8220;][et_pb_row _builder_version=&#8220;3.0.95&#8243; make_equal=&#8220;on&#8220; module_class_1=&#8220;vertical-align&#8220; module_class_2=&#8220;vertical-align&#8220;][et_pb_column type=&#8220;1_3&#8243;][et_pb_text _builder_version=&#8220;3.0.98&#8243; background_layout=&#8220;dark&#8220; text_font_size=&#8220;20px&#8220; header_2_font=&#8220;|||on|||||&#8220; header_2_font_size=&#8220;28px&#8220; header_font_size=&#8220;32px&#8220; background_color=&#8220;#ff0000&#8243; header_text_color=&#8220;#ffffff&#8220; header_2_text_color=&#8220;#ffffff&#8220; custom_padding=&#8220;1em|1em|1em|1em&#8220; text_font=&#8220;|300|||||||&#8220;]<\/p>\n<h2>THE PERFECT STORM<\/h2>\n<p style=\"text-align: left;\">Highlight eines grossen Abenteuers mit Sno-Go!<\/p>\n<p>[\/et_pb_text][\/et_pb_column][et_pb_column type=&#8220;2_3&#8243;][et_pb_video _builder_version=&#8220;3.0.95&#8243; image_src=&#8220;http:\/\/sno-go.ch\/wp-content\/uploads\/2018\/01\/preview-4.jpg&#8220; src=&#8220;http:\/\/sno-go.ch\/wp-content\/uploads\/video\/perfect-storm.mp4&#8243; play_icon_color=&#8220;#ff0000&#8243; custom_margin=&#8220;||0px|&#8220; src_webm=&#8220;http:\/\/sno-go.ch\/wp-content\/uploads\/video\/perfect-storm.webm&#8220; \/][\/et_pb_column][\/et_pb_row][\/et_pb_section][et_pb_section bb_built=&#8220;1&#8243; fullwidth=&#8220;off&#8220; specialty=&#8220;off&#8220;][et_pb_row _builder_version=&#8220;3.0.95&#8243; make_equal=&#8220;on&#8220; module_class_1=&#8220;vertical-align&#8220; module_class_2=&#8220;vertical-align&#8220;][et_pb_column type=&#8220;2_3&#8243;][et_pb_video _builder_version=&#8220;3.0.98&#8243; image_src=&#8220;http:\/\/sno-go.ch\/wp-content\/uploads\/2018\/01\/preview-5.jpg&#8220; src=&#8220;http:\/\/sno-go.ch\/wp-content\/uploads\/video\/riding-solo.mp4&#8243; play_icon_color=&#8220;#ff0000&#8243; custom_margin=&#8220;||0px|&#8220; src_webm=&#8220;http:\/\/sno-go.ch\/wp-content\/uploads\/video\/riding-solo.webm&#8220; \/][\/et_pb_column][et_pb_column type=&#8220;1_3&#8243;][et_pb_text _builder_version=&#8220;3.0.98&#8243; background_layout=&#8220;light&#8220; custom_padding=&#8220;10px||10px|&#8220; text_font_size=&#8220;20px&#8220; text_font=&#8220;|300|||||||&#8220;]<\/p>\n<h2 style=\"text-align: left;\">RIDING SOLO<\/h2>\n<p style=\"text-align: left;\">f\u00fcr technisch begabte, eine Abfahrt zwischen B\u00e4umen im Gebirge!<\/p>\n<p>[\/et_pb_text][\/et_pb_column][\/et_pb_row][\/et_pb_section]<\/p>\n","protected":false},"excerpt":{"rendered":"<p>Videos Es folgen einige Videos zu Sno-Go mit deutschen Untertiteln Tutorial Die Handhabung von Sno-Go ist in wenigen, einfachen Schritten erkl\u00e4rt: Sicherheitsleine und Haken, die Gelenke f\u00fcr die Bewegungen, wie Sessellifte zu benutzen sind, Richtungswechsel und Bremsen, die h\u00e4ufigsten Fehler. Nate und seine Schwester Nate sagt: \u00abWarum soll meine Schwester zusehen, wie die anderen Spass [&hellip;]<\/p>\n","protected":false},"author":1,"featured_media":0,"parent":0,"menu_order":0,"comment_status":"closed","ping_status":"closed","template":"","meta":{"_et_pb_use_builder":"on","_et_pb_old_content":"","_et_gb_content_width":"","footnotes":""},"_links":{"self":[{"href":"https:\/\/sno-go.ch\/de\/wp-json\/wp\/v2\/pages\/681"}],"collection":[{"href":"https:\/\/sno-go.ch\/de\/wp-json\/wp\/v2\/pages"}],"about":[{"href":"https:\/\/sno-go.ch\/de\/wp-json\/wp\/v2\/types\/page"}],"author":[{"embeddable":true,"href":"https:\/\/sno-go.ch\/de\/wp-json\/wp\/v2\/users\/1"}],"replies":[{"embeddable":true,"href":"https:\/\/sno-go.ch\/de\/wp-json\/wp\/v2\/comments?post=681"}],"version-history":[{"count":2,"href":"https:\/\/sno-go.ch\/de\/wp-json\/wp\/v2\/pages\/681\/revisions"}],"predecessor-version":[{"id":686,"href":"https:\/\/sno-go.ch\/de\/wp-json\/wp\/v2\/pages\/681\/revisions\/686"}],"wp:attachment":[{"href":"https:\/\/sno-go.ch\/de\/wp-json\/wp\/v2\/media?parent=681"}],"curies":[{"name":"wp","href":"https:\/\/api.w.org\/{rel}","templated":true}]}}