{"id":668,"date":"2018-01-12T15:05:13","date_gmt":"2018-01-12T14:05:13","guid":{"rendered":"https:\/\/sno-go.ch\/noleggio\/"},"modified":"2020-11-10T09:03:09","modified_gmt":"2020-11-10T08:03:09","slug":"mieten","status":"publish","type":"page","link":"https:\/\/sno-go.ch\/de\/mieten\/","title":{"rendered":"Mieten"},"content":{"rendered":"<p>[et_pb_section fb_built=&#8220;1&#8243; _builder_version=&#8220;3.0.95&#8243; background_image=&#8220;http:\/\/sno-go.ch\/wp-content\/uploads\/2018\/01\/Sno-Go_BrandBook_2-1.jpg&#8220;][et_pb_row custom_padding=&#8220;||0px|&#8220; _builder_version=&#8220;3.0.95&#8243;][et_pb_column type=&#8220;4_4&#8243; _builder_version=&#8220;3.0.47&#8243; parallax=&#8220;off&#8220; parallax_method=&#8220;on&#8220;][et_pb_text _builder_version=&#8220;3.0.98&#8243; header_font=&#8220;|||on|||||&#8220; header_text_color=&#8220;#ffffff&#8220; header_font_size=&#8220;48px&#8220; header_2_font=&#8220;|||on|||||&#8220; custom_padding=&#8220;||0px|&#8220;]<\/p>\n<h1 class=\"header-red\">Mieten<\/h1>\n<p>[\/et_pb_text][\/et_pb_column][\/et_pb_row][\/et_pb_section][et_pb_section fb_built=&#8220;1&#8243; module_class=&#8220;diagonal-shadow&#8220; _builder_version=&#8220;3.0.95&#8243;][et_pb_row custom_padding=&#8220;0px|||&#8220; make_equal=&#8220;on&#8220; module_class_1=&#8220;vertical-align&#8220; module_class_2=&#8220;vertical-align&#8220; _builder_version=&#8220;3.0.95&#8243;][et_pb_column type=&#8220;1_2&#8243; _builder_version=&#8220;3.0.47&#8243; parallax=&#8220;off&#8220; parallax_method=&#8220;on&#8220; module_class=&#8220;vertical-align&#8220;][et_pb_text _builder_version=&#8220;3.0.98&#8243; text_font=&#8220;|300|||||||&#8220; text_font_size=&#8220;18px&#8220; custom_margin=&#8220;0px|||&#8220; custom_padding=&#8220;0px|||&#8220;]<\/p>\n<h2>An unserem Standort Biasca k\u00f6nnen Sie ein Sno-Go zu sehr g\u00fcnstigen Preisen mieten.<\/h2>\n<p>F\u00fcr den Winter 2020\/21 gelten folgende Tarife:<\/p>\n<ul>\n<li>\u00bd Tag: CHF 30.00<\/li>\n<li>1 Tag: CHF 45.00<\/li>\n<li>2 Tage: CHF 80.00<\/li>\n<li>3 Tage: CHF 115.00<\/li>\n<li>4 Tage: CHF 150.00<\/li>\n<li>5 Tage: CHF 180.00<\/li>\n<li>6 Tage: CHF 210.00<\/li>\n<li>Eine Woche: CHF 240.00<\/li>\n<\/ul>\n<p>[\/et_pb_text][\/et_pb_column][et_pb_column type=&#8220;1_2&#8243; _builder_version=&#8220;3.0.47&#8243; parallax=&#8220;off&#8220; parallax_method=&#8220;on&#8220; module_class=&#8220;vertical-align&#8220;][et_pb_image src=&#8220;http:\/\/sno-go.ch\/wp-content\/uploads\/2018\/01\/Sno-Go_-Background-1-1-1.jpg&#8220; _builder_version=&#8220;3.0.95&#8243;][\/et_pb_image][\/et_pb_column][\/et_pb_row][\/et_pb_section][et_pb_section fb_built=&#8220;1&#8243; _builder_version=&#8220;3.0.95&#8243; background_image=&#8220;http:\/\/sno-go.ch\/wp-content\/uploads\/2018\/01\/Sno-Go_BrandBook_2-1.jpg&#8220; parallax=&#8220;on&#8220; parallax_method=&#8220;off&#8220;][et_pb_row _builder_version=&#8220;3.0.47&#8243; background_size=&#8220;initial&#8220; background_position=&#8220;top_left&#8220; background_repeat=&#8220;repeat&#8220;][et_pb_column type=&#8220;4_4&#8243; _builder_version=&#8220;3.0.47&#8243; parallax=&#8220;off&#8220; parallax_method=&#8220;on&#8220;][et_pb_text _builder_version=&#8220;3.0.98&#8243; header_2_text_color=&#8220;#ffffff&#8220; header_2_font_size=&#8220;28px&#8220; header_2_text_shadow_style=&#8220;preset3&#8243;]<\/p>\n<h2 style=\"text-align: center;\">Rimotec ist auf der Suche nach Partnern f\u00fcr die Zusammenarbeit in der Schweiz.<\/h2>\n<p>[\/et_pb_text][\/et_pb_column][\/et_pb_row][\/et_pb_section][et_pb_section fb_built=&#8220;1&#8243; _builder_version=&#8220;3.0.47&#8243;][et_pb_row _builder_version=&#8220;3.0.47&#8243; background_size=&#8220;initial&#8220; background_position=&#8220;top_left&#8220; background_repeat=&#8220;repeat&#8220;][et_pb_column type=&#8220;4_4&#8243; _builder_version=&#8220;3.0.47&#8243; parallax=&#8220;off&#8220; parallax_method=&#8220;on&#8220;][et_pb_text _builder_version=&#8220;3.0.98&#8243; custom_margin=&#8220;||0px|&#8220; custom_padding=&#8220;||0px|&#8220;]<\/p>\n<h2 style=\"text-align: center;\">Wo kann man mieten<\/h2>\n<p>[\/et_pb_text][et_pb_divider divider_weight=&#8220;2&#8243; height=&#8220;0&#8243; _builder_version=&#8220;3.2&#8243; max_width=&#8220;10%&#8220; module_alignment=&#8220;center&#8220;][\/et_pb_divider][\/et_pb_column][\/et_pb_row][et_pb_row make_equal=&#8220;on&#8220; _builder_version=&#8220;3.0.95&#8243;][et_pb_column type=&#8220;1_3&#8243; _builder_version=&#8220;3.0.47&#8243; parallax=&#8220;off&#8220; parallax_method=&#8220;on&#8220;][et_pb_image src=&#8220;https:\/\/sno-go.ch\/wp-content\/uploads\/2018\/01\/sno-go.png&#8220; align=&#8220;center&#8220; _builder_version=&#8220;3.0.97&#8243;][\/et_pb_image][et_pb_text _builder_version=&#8220;3.0.98&#8243;]<span class=\"header-red\" style=\"color: #fff; width: 100%; display: block; text-align: center; text-transform: uppercase; font-size: 14px;\">Rufen Sie uns an <strong>091 862 25 88<\/strong><\/span><span class=\"header-yellow\" style=\"width: 100%; display: block; font-size: 14px;\">Oder <span style=\"text-decoration: underline;\"><a href=\"mailto:info@sno-go.ch\"><span style=\"color: #ff0000; text-decoration: underline;\">senden Sie uns eine E-Mail<\/span><\/a><\/span><\/span><br \/>\n[\/et_pb_text][\/et_pb_column][et_pb_column type=&#8220;1_3&#8243; _builder_version=&#8220;3.0.47&#8243; parallax=&#8220;off&#8220; parallax_method=&#8220;on&#8220;][et_pb_image src=&#8220;https:\/\/sno-go.ch\/wp-content\/uploads\/2018\/01\/scuola-svizzera-di-sci.png&#8220; align=&#8220;center&#8220; _builder_version=&#8220;3.0.97&#8243;][\/et_pb_image][et_pb_text _builder_version=&#8220;3.0.98&#8243;]<span class=\"header-red\" style=\"color: #fff; width: 100%; display: block; text-align: center; text-transform: uppercase; font-size: 14px;\">Schule CAncor\u00ec (Nara)<br \/>\nTEL. <strong>+41 91 871 15 61<\/strong><\/span><br \/>\n[\/et_pb_text][\/et_pb_column][et_pb_column type=&#8220;1_3&#8243; _builder_version=&#8220;3.0.47&#8243; parallax=&#8220;off&#8220; parallax_method=&#8220;on&#8220;][\/et_pb_column][\/et_pb_row][\/et_pb_section]<\/p>\n","protected":false},"excerpt":{"rendered":"<p>Mieten An unserem Standort Biasca k\u00f6nnen Sie ein Sno-Go zu sehr g\u00fcnstigen Preisen mieten. F\u00fcr den Winter 2020\/21 gelten folgende Tarife: \u00bd Tag: CHF 30.00 1 Tag: CHF 45.00 2 Tage: CHF 80.00 3 Tage: CHF 115.00 4 Tage: CHF 150.00 5 Tage: CHF 180.00 6 Tage: CHF 210.00 Eine Woche: CHF 240.00 Rimotec ist [&hellip;]<\/p>\n","protected":false},"author":1,"featured_media":0,"parent":0,"menu_order":0,"comment_status":"closed","ping_status":"closed","template":"","meta":{"_et_pb_use_builder":"on","_et_pb_old_content":"","_et_gb_content_width":"","footnotes":""},"_links":{"self":[{"href":"https:\/\/sno-go.ch\/de\/wp-json\/wp\/v2\/pages\/668"}],"collection":[{"href":"https:\/\/sno-go.ch\/de\/wp-json\/wp\/v2\/pages"}],"about":[{"href":"https:\/\/sno-go.ch\/de\/wp-json\/wp\/v2\/types\/page"}],"author":[{"embeddable":true,"href":"https:\/\/sno-go.ch\/de\/wp-json\/wp\/v2\/users\/1"}],"replies":[{"embeddable":true,"href":"https:\/\/sno-go.ch\/de\/wp-json\/wp\/v2\/comments?post=668"}],"version-history":[{"count":2,"href":"https:\/\/sno-go.ch\/de\/wp-json\/wp\/v2\/pages\/668\/revisions"}],"predecessor-version":[{"id":790,"href":"https:\/\/sno-go.ch\/de\/wp-json\/wp\/v2\/pages\/668\/revisions\/790"}],"wp:attachment":[{"href":"https:\/\/sno-go.ch\/de\/wp-json\/wp\/v2\/media?parent=668"}],"curies":[{"name":"wp","href":"https:\/\/api.w.org\/{rel}","templated":true}]}}