{"id":640,"date":"2018-01-12T14:29:36","date_gmt":"2018-01-12T13:29:36","guid":{"rendered":"https:\/\/sno-go.ch\/testimonial\/"},"modified":"2018-01-24T16:28:32","modified_gmt":"2018-01-24T15:28:32","slug":"testimonials","status":"publish","type":"page","link":"https:\/\/sno-go.ch\/de\/testimonials\/","title":{"rendered":"Testimonials"},"content":{"rendered":"<p>[et_pb_section bb_built=&#8220;1&#8243; _builder_version=&#8220;3.0.95&#8243; background_image=&#8220;http:\/\/sno-go.ch\/wp-content\/uploads\/2018\/01\/Sno-Go_BrandBook_2-1.jpg&#8220;][et_pb_row _builder_version=&#8220;3.0.95&#8243; custom_padding=&#8220;||0px|&#8220;][et_pb_column type=&#8220;4_4&#8243;][et_pb_text _builder_version=&#8220;3.0.98&#8243; background_layout=&#8220;light&#8220; header_font=&#8220;|||on|||||&#8220; header_font_size=&#8220;48px&#8220; header_2_font=&#8220;|||on|||||&#8220; header_text_color=&#8220;#ffffff&#8220; custom_padding=&#8220;||0px|&#8220;]<\/p>\n<h1 class=\"header-red\">Testimonials<\/h1>\n<p>[\/et_pb_text][\/et_pb_column][\/et_pb_row][\/et_pb_section][et_pb_section bb_built=&#8220;1&#8243; fullwidth=&#8220;off&#8220; specialty=&#8220;off&#8220; _builder_version=&#8220;3.0.95&#8243; module_class=&#8220;diagonal-shadow&#8220;][et_pb_row _builder_version=&#8220;3.0.95&#8243; custom_padding=&#8220;0px|||&#8220;][et_pb_column type=&#8220;4_4&#8243;][et_pb_text _builder_version=&#8220;3.0.98&#8243; background_layout=&#8220;light&#8220; custom_margin=&#8220;0px|||&#8220; custom_padding=&#8220;0px|||&#8220; text_font=&#8220;|300|||||||&#8220; text_font_size=&#8220;18px&#8220;]<\/p>\n<p style=\"text-align: center;\">Auf dieser Seite finden Sie Erfahrungsberichte realer Anwender, die Sno-Go ausprobiert haben. Wir freuen uns sehr, hier die erste Rezension eines Rimotec-Kunden zu ver\u00f6ffentlichen.<\/p>\n<p>[\/et_pb_text][\/et_pb_column][\/et_pb_row][et_pb_row][et_pb_column type=&#8220;4_4&#8243;][et_pb_testimonial _builder_version=&#8220;3.0.98&#8243; quote_icon=&#8220;on&#8220; url_new_window=&#8220;off&#8220; author=&#8220;Ali Mears (Rimotec-Kunde)&#8220; use_background_color=&#8220;on&#8220; quote_icon_background_color=&#8220;#f5f5f5&#8243; background_layout=&#8220;light&#8220; quote_icon_color=&#8220;#ff0000&#8243; body_font=&#8220;|300|||||||&#8220;]<\/p>\n<p>Ich bin zum ersten Mal mit dem von Rimotec gelieferten Sno-Go unterwegs gewesen. Bisher hatte ich ein Brenter Snowbike benutzt, aber das Sno-Go viel einfacher zu fahren. Ich habe auf einer blauen Piste begonnen Fahrt aufzunehmen und bin dann direkt auf eine rote gewechselt und dort einen ganzen Nachmittag lang geblieben.<\/p>\n<p>Sno-Go hat sich meinen Knien, H\u00fcften und meinem R\u00fccken gegen\u00fcber als sehr viel \u00abfreundlicher\u00bb erwiesen als das Brenter. Ich bin auch unter schwierigsten Bedingungen m\u00fchelos gefahren.<\/p>\n<p>[\/et_pb_testimonial][\/et_pb_column][\/et_pb_row][et_pb_row][et_pb_column type=&#8220;1_3&#8243;][et_pb_testimonial _builder_version=&#8220;3.0.98&#8243; quote_icon=&#8220;on&#8220; url_new_window=&#8220;off&#8220; author=&#8220;Drake (Sno-Go Benutzer aus USA)&#8220; use_background_color=&#8220;on&#8220; quote_icon_background_color=&#8220;#f5f5f5&#8243; background_layout=&#8220;light&#8220; quote_icon_color=&#8220;#ff0000&#8243; body_font=&#8220;|300|||||||&#8220; portrait_url=&#8220;http:\/\/sno-go.ch\/wp-content\/uploads\/2018\/01\/Kid.jpg&#8220;]<\/p>\n<p>Es hat mich verbl\u00fcfft, wie einfach das Fahren mit Sno-Go ist! Als ich mich auf dem Snowboard versucht habe, lag ich st\u00e4ndig am Boden. Mit Sno-Go konnte ich in weniger als einer Stunde eine Abfahrt auf der Piste wagen. Das Kurvenfahren l\u00e4sst sich kinderleicht erlernen. Einfach mal ausprobieren. Ich freue mich schon auf das n\u00e4chste Mal!<\/p>\n<p>[\/et_pb_testimonial][\/et_pb_column][et_pb_column type=&#8220;1_3&#8243;][et_pb_testimonial _builder_version=&#8220;3.0.98&#8243; quote_icon=&#8220;on&#8220; url_new_window=&#8220;off&#8220; author=&#8220;Matt (Sno-Go Benutzer aus USA)&#8220; use_background_color=&#8220;on&#8220; quote_icon_background_color=&#8220;#f5f5f5&#8243; background_layout=&#8220;light&#8220; quote_icon_color=&#8220;#ff0000&#8243; body_font=&#8220;|300|||||||&#8220; portrait_url=&#8220;http:\/\/sno-go.ch\/wp-content\/uploads\/2018\/01\/Guy.jpg&#8220;]<\/p>\n<p>In j\u00fcngeren Jahren war ich ein echter Ski-Fan, und als ich vom Sno-Go geh\u00f6rt habe, wollte ich es unbedingt ausprobieren. Zuerst war ich etwas unsicher, weil mehr als 10 Jahre vergangen waren, seit ich zuletzt Ski gefahren war, aber es war fantastisch.<\/p>\n<p>Ich habe mich wieder wie ein Kind gef\u00fchlt. Ich war \u00fcberrascht, wie nat\u00fcrlich es sich anf\u00fchlte und wie schnell ich lernte. Nach der zweiten Abfahrt f\u00fchlte ich mich auf dem Sno-Go total wohl und am Ende des Tages war ich so sicher, dass ich sogar ein paar Mugel probiert habe. Wie bei allen Dingen hat es nat\u00fcrlich auch ein paar St\u00fcrze gegeben, aber im Vergleich zum Snowboard oder Mountainbike war das gar nichts. Ich bin super gl\u00fccklich, dass ich wieder auf die Piste gegangen bin, und kann\u2019s kaum erwarten, wieder hinzukommen.<\/p>\n<p>[\/et_pb_testimonial][\/et_pb_column][et_pb_column type=&#8220;1_3&#8243;][et_pb_testimonial _builder_version=&#8220;3.0.98&#8243; quote_icon=&#8220;on&#8220; url_new_window=&#8220;off&#8220; author=&#8220;Jenna (Sno-Go Benutzerin aus USA)&#8220; use_background_color=&#8220;on&#8220; quote_icon_background_color=&#8220;#f5f5f5&#8243; background_layout=&#8220;light&#8220; quote_icon_color=&#8220;#ff0000&#8243; body_font=&#8220;|300|||||||&#8220; portrait_url=&#8220;http:\/\/sno-go.ch\/wp-content\/uploads\/2018\/01\/Lady.jpg&#8220;]<\/p>\n<p>Es ist unglaublich, wie viel Spass das macht! Wintersport und K\u00e4lte allgemein sind eigentlich nicht mein Ding. Fr\u00fcher habe ich mehrmals probiert, mit meinem Mann Ski zu laufen, aber es hat mir nie Spass gemacht. Diese Sno-Go-Bikes sind echt was anderes! Am Anfang hatte ich keine Ahnung, worum es ging, ich hatte noch nicht mal ein Tutorial gesehen&#8230; Aber ich habe super viel Spass gehabt und will es unbedingt wieder machen!<\/p>\n<p>[\/et_pb_testimonial][\/et_pb_column][\/et_pb_row][\/et_pb_section][et_pb_section bb_built=&#8220;1&#8243; fullwidth=&#8220;off&#8220; specialty=&#8220;off&#8220; _builder_version=&#8220;3.0.95&#8243; background_image=&#8220;http:\/\/sno-go.ch\/wp-content\/uploads\/2018\/01\/background.jpg&#8220; parallax=&#8220;on&#8220; parallax_method=&#8220;off&#8220;][et_pb_row][et_pb_column type=&#8220;4_4&#8243;][et_pb_text _builder_version=&#8220;3.0.98&#8243; background_layout=&#8220;light&#8220; header_font=&#8220;|||on|||||&#8220; header_font_size=&#8220;48px&#8220; header_text_color=&#8220;#ffffff&#8220; disabled=&#8220;off&#8220; disabled_on=&#8220;on||&#8220;]<\/p>\n<h1 class=\"header-red\">Videointerview ansehen<\/h1>\n<p>[\/et_pb_text][et_pb_text _builder_version=&#8220;3.0.95&#8243; background_layout=&#8220;light&#8220; header_font=&#8220;|||on|||||&#8220; header_font_size=&#8220;48px&#8220; header_text_color=&#8220;#ffffff&#8220; disabled=&#8220;off&#8220; disabled_on=&#8220;off|on|on&#8220;]<\/p>\n<h1 class=\"header-red\" style=\"font-size: 22px; text-align: center;\">Guarda la videotestimonanza<\/h1>\n<p>[\/et_pb_text][\/et_pb_column][\/et_pb_row][et_pb_row][et_pb_column type=&#8220;1_2&#8243;][et_pb_video _builder_version=&#8220;3.0.98&#8243; image_src=&#8220;http:\/\/sno-go.ch\/wp-content\/uploads\/2018\/01\/preview-1-1.jpg&#8220; src=&#8220;http:\/\/sno-go.ch\/wp-content\/uploads\/video\/sorella-de.mp4&#8243; play_icon_color=&#8220;#ff0000&#8243; src_webm=&#8220;http:\/\/sno-go.ch\/wp-content\/uploads\/video\/sorella-de.webm&#8220; custom_margin=&#8220;||0px|&#8220; custom_padding=&#8220;||0px|&#8220; \/][et_pb_text _builder_version=&#8220;3.0.98&#8243; background_color=&#8220;#ff0000&#8243; background_layout=&#8220;light&#8220; text_text_color=&#8220;#ffffff&#8220; custom_padding=&#8220;5px||5px|&#8220;]<\/p>\n<p style=\"text-align: center;\">Nate und seine Schwester<\/p>\n<p>[\/et_pb_text][\/et_pb_column][et_pb_column type=&#8220;1_2&#8243;][et_pb_video _builder_version=&#8220;3.0.98&#8243; image_src=&#8220;http:\/\/sno-go.ch\/wp-content\/uploads\/2018\/01\/preview-2.jpg&#8220; src=&#8220;http:\/\/sno-go.ch\/wp-content\/uploads\/video\/niceeasy-de.mp4&#8243; play_icon_color=&#8220;#ff0000&#8243; src_webm=&#8220;http:\/\/sno-go.ch\/wp-content\/uploads\/video\/niceeasy-de.webm&#8220; custom_margin=&#8220;||0px|&#8220; custom_padding=&#8220;||0px|&#8220; \/][et_pb_text _builder_version=&#8220;3.0.98&#8243; background_color=&#8220;#ff0000&#8243; background_layout=&#8220;light&#8220; text_text_color=&#8220;#ffffff&#8220; custom_padding=&#8220;5px||5px|&#8220;]<\/p>\n<p style=\"text-align: center;\">Einfach viel Spass<\/p>\n<p>[\/et_pb_text][\/et_pb_column][\/et_pb_row][\/et_pb_section]<\/p>\n","protected":false},"excerpt":{"rendered":"<p>Testimonials Auf dieser Seite finden Sie Erfahrungsberichte realer Anwender, die Sno-Go ausprobiert haben. Wir freuen uns sehr, hier die erste Rezension eines Rimotec-Kunden zu ver\u00f6ffentlichen. <div class=\"et_pb_row et_pb_row_0 et_pb_row_empty\">\n\t\t\t\t\n\t\t\t\t\n\t\t\t\t\n\t\t\t\t\n\t\t\t\t\n\t\t\t<\/div> Ich bin zum ersten Mal mit dem von Rimotec gelieferten Sno-Go unterwegs gewesen. Bisher hatte ich ein Brenter Snowbike benutzt, aber das Sno-Go viel einfacher zu fahren. Ich habe [&hellip;]<\/p>\n","protected":false},"author":1,"featured_media":0,"parent":0,"menu_order":0,"comment_status":"closed","ping_status":"closed","template":"","meta":{"_et_pb_use_builder":"on","_et_pb_old_content":"","_et_gb_content_width":"","footnotes":""},"_links":{"self":[{"href":"https:\/\/sno-go.ch\/de\/wp-json\/wp\/v2\/pages\/640"}],"collection":[{"href":"https:\/\/sno-go.ch\/de\/wp-json\/wp\/v2\/pages"}],"about":[{"href":"https:\/\/sno-go.ch\/de\/wp-json\/wp\/v2\/types\/page"}],"author":[{"embeddable":true,"href":"https:\/\/sno-go.ch\/de\/wp-json\/wp\/v2\/users\/1"}],"replies":[{"embeddable":true,"href":"https:\/\/sno-go.ch\/de\/wp-json\/wp\/v2\/comments?post=640"}],"version-history":[{"count":3,"href":"https:\/\/sno-go.ch\/de\/wp-json\/wp\/v2\/pages\/640\/revisions"}],"predecessor-version":[{"id":651,"href":"https:\/\/sno-go.ch\/de\/wp-json\/wp\/v2\/pages\/640\/revisions\/651"}],"wp:attachment":[{"href":"https:\/\/sno-go.ch\/de\/wp-json\/wp\/v2\/media?parent=640"}],"curies":[{"name":"wp","href":"https:\/\/api.w.org\/{rel}","templated":true}]}}