{"id":635,"date":"2018-01-12T12:14:25","date_gmt":"2018-01-12T11:14:25","guid":{"rendered":"https:\/\/sno-go.ch\/sno-go\/"},"modified":"2018-01-24T15:22:51","modified_gmt":"2018-01-24T14:22:51","slug":"sno-go","status":"publish","type":"page","link":"https:\/\/sno-go.ch\/de\/sno-go\/","title":{"rendered":"Sno-Go"},"content":{"rendered":"<p>[et_pb_section bb_built=&#8220;1&#8243; _builder_version=&#8220;3.0.95&#8243; background_image=&#8220;http:\/\/sno-go.ch\/wp-content\/uploads\/2018\/01\/Sno-Go_BrandBook_2-1.jpg&#8220;][et_pb_row _builder_version=&#8220;3.0.95&#8243; custom_padding=&#8220;||0px|&#8220;][et_pb_column type=&#8220;4_4&#8243;][et_pb_text _builder_version=&#8220;3.0.98&#8243; background_layout=&#8220;light&#8220; header_font=&#8220;|||on|||||&#8220; header_font_size=&#8220;50&#8243; header_2_font=&#8220;|||on|||||&#8220; header_text_color=&#8220;#ffffff&#8220; custom_padding=&#8220;||0px|&#8220;]<\/p>\n<h1 class=\"header-red\">Sno &#8211; Go<\/h1>\n<h2 class=\"header-yellow\">Wer Velo fahren kann, der kann auch Sno-Go fahren!<\/h2>\n<p>[\/et_pb_text][\/et_pb_column][\/et_pb_row][\/et_pb_section][et_pb_section bb_built=&#8220;1&#8243; fullwidth=&#8220;off&#8220; specialty=&#8220;off&#8220; _builder_version=&#8220;3.0.95&#8243; module_class=&#8220;diagonal-shadow&#8220;][et_pb_row _builder_version=&#8220;3.0.95&#8243; custom_padding=&#8220;0px|||&#8220;][et_pb_column type=&#8220;4_4&#8243;][et_pb_text _builder_version=&#8220;3.0.98&#8243; background_layout=&#8220;light&#8220; custom_margin=&#8220;0px|||&#8220; custom_padding=&#8220;0px|||&#8220; text_font=&#8220;|300|||||||&#8220; text_font_size=&#8220;18px&#8220;]<\/p>\n<p style=\"text-align: center;\">Ob Sie das Gebirgspanorama geniessen oder den ganzen Tag mit Ihren Freunden Schlitten fahren m\u00f6chten, unser \u00abSchneevelo\u00bb ist die perfekte Wahl.<\/p>\n<p style=\"text-align: center;\">Wir haben die intuitive Bewegung des Velofahrens mit Ski kombiniert, die f\u00fcr h\u00f6chste Leistungen auf allen Schneearten entwickelt wurden.<\/p>\n<p style=\"text-align: center;\">Sno-Go ist sowohl f\u00fcr die bestimmt, die mit Ski oder Snowboard wenig vertraut sind, aber dennoch nicht auf eine sch\u00f6ne Abfahrt auf der Piste verzichten wollen, als auch f\u00fcr erfahrenere Sportler, die ein neues, aufregendes Ger\u00e4t ausprobieren m\u00f6chten.<\/p>\n<p>[\/et_pb_text][\/et_pb_column][\/et_pb_row][et_pb_row][et_pb_column type=&#8220;4_4&#8243;][et_pb_text _builder_version=&#8220;3.0.98&#8243; background_layout=&#8220;light&#8220; header_2_font=&#8220;|||on|||||&#8220; header_2_text_align=&#8220;center&#8220; custom_margin=&#8220;||0px|&#8220;]<\/p>\n<h2 style=\"text-align: center;\">Wichtigste Merkmale<\/h2>\n<p>[\/et_pb_text][et_pb_divider _builder_version=&#8220;3.0.95&#8243; show_divider=&#8220;on&#8220; color=&#8220;#ff0000&#8243; height=&#8220;2px&#8220; divider_weight=&#8220;2px&#8220; max_width=&#8220;10%&#8220; custom_margin=&#8220;0px|||&#8220; divider_position=&#8220;center&#8220; module_class=&#8220;separatore&#8220; \/][\/et_pb_column][\/et_pb_row][et_pb_row _builder_version=&#8220;3.0.95&#8243;][et_pb_column type=&#8220;1_4&#8243;][et_pb_blurb _builder_version=&#8220;3.0.98&#8243; use_icon=&#8220;off&#8220; image=&#8220;http:\/\/sno-go.ch\/wp-content\/uploads\/2018\/01\/feather.png&#8220; url_new_window=&#8220;off&#8220; title=&#8220;Geringes Gewicht&#8220; use_circle=&#8220;off&#8220; use_circle_border=&#8220;off&#8220; icon_placement=&#8220;top&#8220; use_icon_font_size=&#8220;off&#8220; background_layout=&#8220;light&#8220; image_max_width=&#8220;50%&#8220; header_text_align=&#8220;center&#8220; \/][\/et_pb_column][et_pb_column type=&#8220;1_4&#8243;][et_pb_blurb _builder_version=&#8220;3.0.98&#8243; use_icon=&#8220;off&#8220; image=&#8220;http:\/\/sno-go.ch\/wp-content\/uploads\/2018\/01\/happy-2.png&#8220; url_new_window=&#8220;off&#8220; title=&#8220;Einfach im Gebrauch&#8220; use_circle=&#8220;off&#8220; use_circle_border=&#8220;off&#8220; icon_placement=&#8220;top&#8220; use_icon_font_size=&#8220;off&#8220; background_layout=&#8220;light&#8220; image_max_width=&#8220;50%&#8220; header_text_align=&#8220;center&#8220; \/][\/et_pb_column][et_pb_column type=&#8220;1_4&#8243;][et_pb_blurb _builder_version=&#8220;3.0.98&#8243; use_icon=&#8220;off&#8220; image=&#8220;http:\/\/sno-go.ch\/wp-content\/uploads\/2018\/01\/shield.png&#8220; url_new_window=&#8220;off&#8220; title=&#8220;Sicherheit&#8220; use_circle=&#8220;off&#8220; use_circle_border=&#8220;off&#8220; icon_placement=&#8220;top&#8220; use_icon_font_size=&#8220;off&#8220; background_layout=&#8220;light&#8220; image_max_width=&#8220;50%&#8220; header_text_align=&#8220;center&#8220; \/][\/et_pb_column][et_pb_column type=&#8220;1_4&#8243;][et_pb_blurb _builder_version=&#8220;3.0.98&#8243; use_icon=&#8220;off&#8220; image=&#8220;http:\/\/sno-go.ch\/wp-content\/uploads\/2018\/01\/shipped.png&#8220; url_new_window=&#8220;off&#8220; title=&#8220;Gut transportierbar&#8220; use_circle=&#8220;off&#8220; use_circle_border=&#8220;off&#8220; icon_placement=&#8220;top&#8220; use_icon_font_size=&#8220;off&#8220; background_layout=&#8220;light&#8220; image_max_width=&#8220;50%&#8220; header_text_align=&#8220;center&#8220; \/][\/et_pb_column][\/et_pb_row][et_pb_row _builder_version=&#8220;3.0.95&#8243;][et_pb_column type=&#8220;1_4&#8243;][et_pb_blurb _builder_version=&#8220;3.0.98&#8243; use_icon=&#8220;off&#8220; image=&#8220;http:\/\/sno-go.ch\/wp-content\/uploads\/2018\/01\/measure.png&#8220; url_new_window=&#8220;off&#8220; title=&#8220;Wenig Platzbedarf&#8220; use_circle=&#8220;off&#8220; use_circle_border=&#8220;off&#8220; icon_placement=&#8220;top&#8220; use_icon_font_size=&#8220;off&#8220; background_layout=&#8220;light&#8220; image_max_width=&#8220;50%&#8220; header_text_align=&#8220;center&#8220; \/][\/et_pb_column][et_pb_column type=&#8220;1_4&#8243;][et_pb_blurb _builder_version=&#8220;3.0.98&#8243; use_icon=&#8220;off&#8220; image=&#8220;http:\/\/sno-go.ch\/wp-content\/uploads\/2018\/01\/son.png&#8220; url_new_window=&#8220;off&#8220; title=&#8220;F\u00fcr jedes Alter geeignet&#8220; use_circle=&#8220;off&#8220; use_circle_border=&#8220;off&#8220; icon_placement=&#8220;top&#8220; use_icon_font_size=&#8220;off&#8220; background_layout=&#8220;light&#8220; image_max_width=&#8220;50%&#8220; header_text_align=&#8220;center&#8220; \/][\/et_pb_column][et_pb_column type=&#8220;1_4&#8243;][et_pb_blurb _builder_version=&#8220;3.0.98&#8243; use_icon=&#8220;off&#8220; image=&#8220;http:\/\/sno-go.ch\/wp-content\/uploads\/2018\/01\/landscape.png&#8220; url_new_window=&#8220;off&#8220; title=&#8220;Optimal auf jeder Art von Schnee&#8220; use_circle=&#8220;off&#8220; use_circle_border=&#8220;off&#8220; icon_placement=&#8220;top&#8220; use_icon_font_size=&#8220;off&#8220; background_layout=&#8220;light&#8220; image_max_width=&#8220;50%&#8220; header_text_align=&#8220;center&#8220; \/][\/et_pb_column][et_pb_column type=&#8220;1_4&#8243;][et_pb_blurb _builder_version=&#8220;3.0.98&#8243; use_icon=&#8220;off&#8220; image=&#8220;http:\/\/sno-go.ch\/wp-content\/uploads\/2018\/01\/walking.png&#8220; url_new_window=&#8220;off&#8220; title=&#8220;F\u00fcr alle, die Ski fahren oder nicht Ski fahren k\u00f6nnen&#8220; use_circle=&#8220;off&#8220; use_circle_border=&#8220;off&#8220; icon_placement=&#8220;top&#8220; use_icon_font_size=&#8220;off&#8220; background_layout=&#8220;light&#8220; image_max_width=&#8220;50%&#8220; header_text_align=&#8220;center&#8220; \/][\/et_pb_column][\/et_pb_row][\/et_pb_section][et_pb_section bb_built=&#8220;1&#8243; fullwidth=&#8220;off&#8220; specialty=&#8220;off&#8220; _builder_version=&#8220;3.0.95&#8243; module_class=&#8220;diagonal-shadow&#8220;][et_pb_row _builder_version=&#8220;3.0.95&#8243; module_class_1=&#8220;vertical-align&#8220; module_class_2=&#8220;vertical-align&#8220;][et_pb_column type=&#8220;3_4&#8243;][et_pb_code _builder_version=&#8220;3.0.95&#8243;]&lt;video autoplay=&quot;autoplay&quot; loop=&quot;loop&quot; width=&quot;100%&quot;&gt;&lt;source src=&quot;http:\/\/sno-go.ch\/wp-content\/uploads\/2018\/01\/slat.mp4&quot; type=&quot;video\/mp4&quot;&gt;&lt;\/video&gt;[\/et_pb_code][\/et_pb_column][et_pb_column type=&#8220;1_4&#8243;][et_pb_text _builder_version=&#8220;3.0.98&#8243; background_layout=&#8220;light&#8220; header_2_text_color=&#8220;#ffffff&#8220; text_font=&#8220;|300|||||||&#8220;]<\/p>\n<h2 class=\"header-red\" style=\"margin-bottom: 15px;\">SLAT-Technologie<\/h2>\n<h4 style=\"text-align: center;\">Synchronized lateral articulating technology<\/h4>\n<p style=\"text-align: justify;\">SLAT steht, auf Deutsch \u00fcbersetzt, f\u00fcr \u00ab synchronisierte Seitengelenktechnik \u00bb.<br \/>\nWas bedeutet das?<\/p>\n<ul>\n<li style=\"text-align: justify;\">Die Freiheit, einfach mit der Lenkstange Kurven zu fahren, zu bremsen und zu carven. Die Ski bleiben dabei parallel und folgen in Kurven Ihrer Bewegung.<\/li>\n<li style=\"text-align: justify;\">&#8211;\tDie hinteren Gelenke sind mit Nachlaufwinkel montiert, so dass die Ski stets maximale Kontrolle behalten, auch bei extremen Nutzungsbedingungen.<\/li>\n<\/ul>\n<p>[\/et_pb_text][\/et_pb_column][\/et_pb_row][\/et_pb_section][et_pb_section bb_built=&#8220;1&#8243; fullwidth=&#8220;off&#8220; specialty=&#8220;off&#8220; _builder_version=&#8220;3.0.95&#8243; background_image=&#8220;http:\/\/sno-go.ch\/wp-content\/uploads\/2018\/01\/Sno-Go_BrandBook_1-1.jpg&#8220; parallax=&#8220;on&#8220; parallax_method=&#8220;off&#8220;][et_pb_row _builder_version=&#8220;3.0.95&#8243; make_equal=&#8220;on&#8220; module_class_1=&#8220;vertical-align&#8220; module_class_2=&#8220;vertical-align&#8220;][et_pb_column type=&#8220;1_2&#8243;][et_pb_text _builder_version=&#8220;3.0.98&#8243; background_layout=&#8220;dark&#8220; header_2_font=&#8220;|||on|||||&#8220; header_2_font_size=&#8220;36px&#8220; header_2_text_color=&#8220;#ffffff&#8220; disabled=&#8220;off&#8220; disabled_on=&#8220;on||&#8220;]<\/p>\n<h2 style=\"text-shadow: 1px 1px 3px #2f2f2f;\">Nach dem Erfolg in den USA kommt Sno-Go in die Schweiz!<\/h2>\n<p style=\"text-shadow: 1px 1px 3px #2f2f2f;\">Sno-Go ist in \u00dcbersee zu einer st\u00e4ndig wachsenden Erscheinung geworden. Dank Rimotec ist das Produkt in der ganzen Schweiz erh\u00e4ltlich.<\/p>\n<p>[\/et_pb_text][et_pb_text _builder_version=&#8220;3.0.98&#8243; background_layout=&#8220;dark&#8220; header_2_font=&#8220;|||on|||||&#8220; header_2_font_size=&#8220;36px&#8220; header_2_text_color=&#8220;#ffffff&#8220; disabled=&#8220;off&#8220; disabled_on=&#8220;off|on|on&#8220;]<\/p>\n<h2 style=\"text-shadow: #2f2f2f 1px 1px 3px; text-align: center;\">Nach dem Erfolg in den USA kommt Sno-Go in die Schweiz!<\/h2>\n<p style=\"text-shadow: #2f2f2f 1px 1px 3px; text-align: center;\">Sno-Go ist in \u00dcbersee zu einer st\u00e4ndig wachsenden Erscheinung geworden. Dank Rimotec ist das Produkt in der ganzen Schweiz erh\u00e4ltlich.<\/p>\n<p>[\/et_pb_text][\/et_pb_column][et_pb_column type=&#8220;1_2&#8243;][et_pb_image _builder_version=&#8220;3.0.95&#8243; show_in_lightbox=&#8220;off&#8220; url_new_window=&#8220;off&#8220; src=&#8220;http:\/\/sno-go.ch\/wp-content\/uploads\/2018\/01\/swi.png&#8220; always_center_on_mobile=&#8220;on&#8220; use_overlay=&#8220;off&#8220; force_fullwidth=&#8220;off&#8220; show_bottom_space=&#8220;on&#8220; \/][\/et_pb_column][\/et_pb_row][\/et_pb_section][et_pb_section bb_built=&#8220;1&#8243; fullwidth=&#8220;off&#8220; specialty=&#8220;off&#8220;][et_pb_row _builder_version=&#8220;3.0.95&#8243; make_equal=&#8220;on&#8220; module_class_1=&#8220;vertical-align&#8220; module_class_2=&#8220;vertical-align&#8220;][et_pb_column type=&#8220;1_2&#8243;][et_pb_image _builder_version=&#8220;3.0.95&#8243; show_in_lightbox=&#8220;off&#8220; url_new_window=&#8220;off&#8220; src=&#8220;http:\/\/sno-go.ch\/wp-content\/uploads\/2018\/01\/Sno-Go_Bike_HotSpot-3-1.jpg&#8220; always_center_on_mobile=&#8220;on&#8220; use_overlay=&#8220;off&#8220; force_fullwidth=&#8220;off&#8220; show_bottom_space=&#8220;on&#8220; \/][\/et_pb_column][et_pb_column type=&#8220;1_2&#8243;][et_pb_text _builder_version=&#8220;3.0.98&#8243; background_layout=&#8220;light&#8220; header_font=&#8220;|||on|||||&#8220; header_font_size=&#8220;38px&#8220; disabled=&#8220;off&#8220; disabled_on=&#8220;on||&#8220;]<\/p>\n<h1>Sno-Go wird aus den besten und modernsten Materialien hergestellt und von Hand montiert<\/h1>\n<p>[\/et_pb_text][et_pb_text _builder_version=&#8220;3.0.98&#8243; background_layout=&#8220;light&#8220; header_font=&#8220;|||on|||||&#8220; header_font_size=&#8220;38px&#8220; disabled=&#8220;off&#8220; disabled_on=&#8220;|on|on&#8220;]<\/p>\n<h1 style=\"text-align: center;\">Sno-Go wird aus den besten und modernsten Materialien hergestellt und von Hand montiert<\/h1>\n<p>[\/et_pb_text][\/et_pb_column][\/et_pb_row][\/et_pb_section]<\/p>\n","protected":false},"excerpt":{"rendered":"<p>Sno &#8211; Go Wer Velo fahren kann, der kann auch Sno-Go fahren! Ob Sie das Gebirgspanorama geniessen oder den ganzen Tag mit Ihren Freunden Schlitten fahren m\u00f6chten, unser \u00abSchneevelo\u00bb ist die perfekte Wahl. Wir haben die intuitive Bewegung des Velofahrens mit Ski kombiniert, die f\u00fcr h\u00f6chste Leistungen auf allen Schneearten entwickelt wurden. Sno-Go ist sowohl [&hellip;]<\/p>\n","protected":false},"author":1,"featured_media":0,"parent":0,"menu_order":0,"comment_status":"closed","ping_status":"closed","template":"","meta":{"_et_pb_use_builder":"on","_et_pb_old_content":"","_et_gb_content_width":"","footnotes":""},"_links":{"self":[{"href":"https:\/\/sno-go.ch\/de\/wp-json\/wp\/v2\/pages\/635"}],"collection":[{"href":"https:\/\/sno-go.ch\/de\/wp-json\/wp\/v2\/pages"}],"about":[{"href":"https:\/\/sno-go.ch\/de\/wp-json\/wp\/v2\/types\/page"}],"author":[{"embeddable":true,"href":"https:\/\/sno-go.ch\/de\/wp-json\/wp\/v2\/users\/1"}],"replies":[{"embeddable":true,"href":"https:\/\/sno-go.ch\/de\/wp-json\/wp\/v2\/comments?post=635"}],"version-history":[{"count":4,"href":"https:\/\/sno-go.ch\/de\/wp-json\/wp\/v2\/pages\/635\/revisions"}],"predecessor-version":[{"id":639,"href":"https:\/\/sno-go.ch\/de\/wp-json\/wp\/v2\/pages\/635\/revisions\/639"}],"wp:attachment":[{"href":"https:\/\/sno-go.ch\/de\/wp-json\/wp\/v2\/media?parent=635"}],"curies":[{"name":"wp","href":"https:\/\/api.w.org\/{rel}","templated":true}]}}